{"id":606,"date":"2022-12-27T15:49:52","date_gmt":"2022-12-27T14:49:52","guid":{"rendered":"http:\/\/www.didierburgaud.fr\/?page_id=606"},"modified":"2023-04-27T15:59:00","modified_gmt":"2023-04-27T13:59:00","slug":"accueil","status":"publish","type":"page","link":"http:\/\/www.didierburgaud.fr\/fr\/","title":{"rendered":"ACCUEIL"},"content":{"rendered":"\t\t<div data-elementor-type=\"wp-page\" data-elementor-id=\"606\" class=\"elementor elementor-606\" data-elementor-post-type=\"page\">\n\t\t\t\t\t\t\t\t\t<section class=\"elementor-section elementor-top-section elementor-element elementor-element-4368341 elementor-section-full_width elementor-section-items-top elementor-section-height-full elementor-section-content-middle elementor-hidden-desktop elementor-hidden-laptop elementor-section-height-default\" data-id=\"4368341\" data-element_type=\"section\" id=\"hero-mobile\" data-settings=\"{&quot;background_background&quot;:&quot;classic&quot;}\">\n\t\t\t\t\t\t<div class=\"elementor-container elementor-column-gap-no\">\n\t\t\t\t\t<div class=\"elementor-column elementor-col-100 elementor-top-column elementor-element elementor-element-e1917fb\" data-id=\"e1917fb\" data-element_type=\"column\">\n\t\t\t<div class=\"elementor-widget-wrap elementor-element-populated\">\n\t\t\t\t\t\t\t\t<div class=\"elementor-element elementor-element-829e5c4 elementor-widget elementor-widget-image-carousel\" data-id=\"829e5c4\" data-element_type=\"widget\" data-settings=\"{&quot;slides_to_show&quot;:&quot;1&quot;,&quot;autoplay_speed&quot;:750,&quot;effect&quot;:&quot;fade&quot;,&quot;speed&quot;:2300,&quot;navigation&quot;:&quot;none&quot;,&quot;autoplay&quot;:&quot;yes&quot;,&quot;pause_on_hover&quot;:&quot;yes&quot;,&quot;pause_on_interaction&quot;:&quot;yes&quot;,&quot;infinite&quot;:&quot;yes&quot;}\" data-widget_type=\"image-carousel.default\">\n\t\t\t\t<div class=\"elementor-widget-container\">\n\t\t\t<style>\/*! elementor - v3.18.0 - 08-12-2023 *\/\n.elementor-widget-image-carousel .swiper,.elementor-widget-image-carousel .swiper-container{position:static}.elementor-widget-image-carousel .swiper-container .swiper-slide figure,.elementor-widget-image-carousel .swiper .swiper-slide figure{line-height:inherit}.elementor-widget-image-carousel .swiper-slide{text-align:center}.elementor-image-carousel-wrapper:not(.swiper-container-initialized):not(.swiper-initialized) .swiper-slide{max-width:calc(100% \/ var(--e-image-carousel-slides-to-show, 3))}<\/style>\t\t<div class=\"elementor-image-carousel-wrapper swiper-container\" dir=\"ltr\">\n\t\t\t<div class=\"elementor-image-carousel swiper-wrapper\" aria-live=\"off\">\n\t\t\t\t\t\t\t\t<div class=\"swiper-slide\" role=\"group\" aria-roledescription=\"slide\" aria-label=\"1 sur 4\"><a data-elementor-open-lightbox=\"yes\" data-elementor-lightbox-slideshow=\"829e5c4\" data-elementor-lightbox-title=\"didier-burgaud-slider-mobile-vertical-01-min\" data-e-action-hash=\"#elementor-action%3Aaction%3Dlightbox%26settings%3DeyJpZCI6Mzc0NywidXJsIjoiaHR0cHM6XC9cL3d3dy5kaWRpZXJidXJnYXVkLmZyXC93cC1jb250ZW50XC91cGxvYWRzXC8yMDIzXC8wMVwvZGlkaWVyLWJ1cmdhdWQtc2xpZGVyLW1vYmlsZS12ZXJ0aWNhbC0wMS1taW4tMS5qcGciLCJzbGlkZXNob3ciOiI4MjllNWM0In0%3D\" href=\"#go-to-intro-text\"><figure class=\"swiper-slide-inner\"><img decoding=\"async\" class=\"swiper-slide-image\" src=\"https:\/\/www.didierburgaud.fr\/wp-content\/uploads\/2023\/01\/didier-burgaud-slider-mobile-vertical-01-min-1.jpg\" alt=\"\u00a9 Photo : Alain de Baudus\" \/><\/figure><\/a><\/div><div class=\"swiper-slide\" role=\"group\" aria-roledescription=\"slide\" aria-label=\"2 sur 4\"><a data-elementor-open-lightbox=\"yes\" data-elementor-lightbox-slideshow=\"829e5c4\" data-elementor-lightbox-title=\"didier-burgaud-slider-mobile-vertical-02-min\" data-e-action-hash=\"#elementor-action%3Aaction%3Dlightbox%26settings%3DeyJpZCI6Mzc0OCwidXJsIjoiaHR0cHM6XC9cL3d3dy5kaWRpZXJidXJnYXVkLmZyXC93cC1jb250ZW50XC91cGxvYWRzXC8yMDIzXC8wMVwvZGlkaWVyLWJ1cmdhdWQtc2xpZGVyLW1vYmlsZS12ZXJ0aWNhbC0wMi1taW4tMS5qcGciLCJzbGlkZXNob3ciOiI4MjllNWM0In0%3D\" href=\"#go-to-intro-text\"><figure class=\"swiper-slide-inner\"><img decoding=\"async\" class=\"swiper-slide-image\" src=\"https:\/\/www.didierburgaud.fr\/wp-content\/uploads\/2023\/01\/didier-burgaud-slider-mobile-vertical-02-min-1.jpg\" alt=\"\u00a9 Photo : Luc Mercier\" \/><\/figure><\/a><\/div><div class=\"swiper-slide\" role=\"group\" aria-roledescription=\"slide\" aria-label=\"3 sur 4\"><a data-elementor-open-lightbox=\"yes\" data-elementor-lightbox-slideshow=\"829e5c4\" data-elementor-lightbox-title=\"didier-burgaud-slider-mobile-vertical-03-min\" data-e-action-hash=\"#elementor-action%3Aaction%3Dlightbox%26settings%3DeyJpZCI6Mzc0OSwidXJsIjoiaHR0cHM6XC9cL3d3dy5kaWRpZXJidXJnYXVkLmZyXC93cC1jb250ZW50XC91cGxvYWRzXC8yMDIzXC8wMVwvZGlkaWVyLWJ1cmdhdWQtc2xpZGVyLW1vYmlsZS12ZXJ0aWNhbC0wMy1taW4tMS5qcGciLCJzbGlkZXNob3ciOiI4MjllNWM0In0%3D\" href=\"#go-to-intro-text\"><figure class=\"swiper-slide-inner\"><img decoding=\"async\" class=\"swiper-slide-image\" src=\"https:\/\/www.didierburgaud.fr\/wp-content\/uploads\/2023\/01\/didier-burgaud-slider-mobile-vertical-03-min-1.jpg\" alt=\"\u00a9 Photo : Luc Mercier\" \/><\/figure><\/a><\/div><div class=\"swiper-slide\" role=\"group\" aria-roledescription=\"slide\" aria-label=\"4 sur 4\"><a data-elementor-open-lightbox=\"yes\" data-elementor-lightbox-slideshow=\"829e5c4\" data-elementor-lightbox-title=\"didier-burgaud-slider-mobile-vertical-04-min\" data-e-action-hash=\"#elementor-action%3Aaction%3Dlightbox%26settings%3DeyJpZCI6Mzc1MCwidXJsIjoiaHR0cHM6XC9cL3d3dy5kaWRpZXJidXJnYXVkLmZyXC93cC1jb250ZW50XC91cGxvYWRzXC8yMDIzXC8wMVwvZGlkaWVyLWJ1cmdhdWQtc2xpZGVyLW1vYmlsZS12ZXJ0aWNhbC0wNC1taW4tMS5qcGciLCJzbGlkZXNob3ciOiI4MjllNWM0In0%3D\" href=\"#go-to-intro-text\"><figure class=\"swiper-slide-inner\"><img decoding=\"async\" class=\"swiper-slide-image\" src=\"https:\/\/www.didierburgaud.fr\/wp-content\/uploads\/2023\/01\/didier-burgaud-slider-mobile-vertical-04-min-1.jpg\" alt=\"\u00a9 Photo : Eric Weytens\" \/><\/figure><\/a><\/div>\t\t\t<\/div>\n\t\t\t\t\t\t\t\n\t\t\t\t\t\t\t\t\t<\/div>\n\t\t\t\t<\/div>\n\t\t\t\t<\/div>\n\t\t\t\t<div class=\"elementor-element elementor-element-977d282 elementor-widget elementor-widget-heading\" data-id=\"977d282\" data-element_type=\"widget\" data-widget_type=\"heading.default\">\n\t\t\t\t<div class=\"elementor-widget-container\">\n\t\t\t<style>\/*! elementor - v3.18.0 - 08-12-2023 *\/\n.elementor-heading-title{padding:0;margin:0;line-height:1}.elementor-widget-heading .elementor-heading-title[class*=elementor-size-]>a{color:inherit;font-size:inherit;line-height:inherit}.elementor-widget-heading .elementor-heading-title.elementor-size-small{font-size:15px}.elementor-widget-heading .elementor-heading-title.elementor-size-medium{font-size:19px}.elementor-widget-heading .elementor-heading-title.elementor-size-large{font-size:29px}.elementor-widget-heading .elementor-heading-title.elementor-size-xl{font-size:39px}.elementor-widget-heading .elementor-heading-title.elementor-size-xxl{font-size:59px}<\/style><h2 class=\"elementor-heading-title elementor-size-default\">DIDIER BURGAUD<\/h2>\t\t<\/div>\n\t\t\t\t<\/div>\n\t\t\t\t<div class=\"elementor-element elementor-element-b4a371e elementor-widget elementor-widget-heading\" data-id=\"b4a371e\" data-element_type=\"widget\" data-widget_type=\"heading.default\">\n\t\t\t\t<div class=\"elementor-widget-container\">\n\t\t\t<h2 class=\"elementor-heading-title elementor-size-default\">Consulting, coaching and jazz.<\/h2>\t\t<\/div>\n\t\t\t\t<\/div>\n\t\t\t\t<div class=\"elementor-element elementor-element-40639f7 elementor-align-center elementor-widget elementor-widget-button\" data-id=\"40639f7\" data-element_type=\"widget\" data-widget_type=\"button.default\">\n\t\t\t\t<div class=\"elementor-widget-container\">\n\t\t\t\t\t<div class=\"elementor-button-wrapper\">\n\t\t\t<a class=\"elementor-button elementor-button-link elementor-size-sm\" href=\"#Intro\">\n\t\t\t\t\t\t<span class=\"elementor-button-content-wrapper\">\n\t\t\t\t\t\t<span class=\"elementor-button-icon elementor-align-icon-right\">\n\t\t\t\t<i aria-hidden=\"true\" class=\"fas fa-chevron-down\"><\/i>\t\t\t<\/span>\n\t\t\t\t\t\t<span class=\"elementor-button-text\">D\u00c9COUVREZ MON UNIVERS<\/span>\n\t\t<\/span>\n\t\t\t\t\t<\/a>\n\t\t<\/div>\n\t\t\t\t<\/div>\n\t\t\t\t<\/div>\n\t\t\t\t<div class=\"elementor-element elementor-element-3cd504b elementor-widget elementor-widget-menu-anchor\" data-id=\"3cd504b\" data-element_type=\"widget\" data-widget_type=\"menu-anchor.default\">\n\t\t\t\t<div class=\"elementor-widget-container\">\n\t\t\t<style>\/*! elementor - v3.18.0 - 08-12-2023 *\/\nbody.elementor-page .elementor-widget-menu-anchor{margin-bottom:0}<\/style>\t\t<div id=\"go-to-intro-text\" class=\"elementor-menu-anchor\"><\/div>\n\t\t\t\t<\/div>\n\t\t\t\t<\/div>\n\t\t\t\t\t<\/div>\n\t\t<\/div>\n\t\t\t\t\t\t\t<\/div>\n\t\t<\/section>\n\t\t\t\t<section class=\"elementor-section elementor-top-section elementor-element elementor-element-350a9471 elementor-section-height-min-height elementor-hidden-tablet elementor-hidden-mobile elementor-section-boxed elementor-section-height-default elementor-section-items-middle\" data-id=\"350a9471\" data-element_type=\"section\" id=\"hero-home-page\" data-settings=\"{&quot;background_background&quot;:&quot;slideshow&quot;,&quot;background_slideshow_gallery&quot;:[{&quot;id&quot;:2386,&quot;url&quot;:&quot;https:\\\/\\\/www.didierburgaud.fr\\\/wp-content\\\/uploads\\\/2023\\\/01\\\/didier-burgaud-clarinette-smile-min.jpg&quot;},{&quot;id&quot;:2387,&quot;url&quot;:&quot;https:\\\/\\\/www.didierburgaud.fr\\\/wp-content\\\/uploads\\\/2023\\\/01\\\/didier-burgaud-clarinette-smile02-min.jpg&quot;},{&quot;id&quot;:2388,&quot;url&quot;:&quot;https:\\\/\\\/www.didierburgaud.fr\\\/wp-content\\\/uploads\\\/2023\\\/01\\\/didier-burgaud-sunset-min.jpg&quot;},{&quot;id&quot;:2866,&quot;url&quot;:&quot;https:\\\/\\\/www.didierburgaud.fr\\\/wp-content\\\/uploads\\\/2023\\\/01\\\/didier-burgaud-bruxelles-bleu-min.jpg&quot;}],&quot;background_slideshow_slide_duration&quot;:3000,&quot;background_slideshow_loop&quot;:&quot;yes&quot;,&quot;background_slideshow_slide_transition&quot;:&quot;fade&quot;,&quot;background_slideshow_transition_duration&quot;:500}\">\n\t\t\t\t\t\t<div class=\"elementor-container elementor-column-gap-default\">\n\t\t\t\t\t<div class=\"elementor-column elementor-col-100 elementor-top-column elementor-element elementor-element-7720d4d5\" data-id=\"7720d4d5\" data-element_type=\"column\">\n\t\t\t<div class=\"elementor-widget-wrap elementor-element-populated\">\n\t\t\t\t\t\t\t\t<div class=\"elementor-element elementor-element-77f7e114 elementor-widget elementor-widget-heading\" data-id=\"77f7e114\" data-element_type=\"widget\" data-widget_type=\"heading.default\">\n\t\t\t\t<div class=\"elementor-widget-container\">\n\t\t\t<h2 class=\"elementor-heading-title elementor-size-default\">DIDIER BURGAUD<\/h2>\t\t<\/div>\n\t\t\t\t<\/div>\n\t\t\t\t<div class=\"elementor-element elementor-element-472ec0bf elementor-widget elementor-widget-heading\" data-id=\"472ec0bf\" data-element_type=\"widget\" data-widget_type=\"heading.default\">\n\t\t\t\t<div class=\"elementor-widget-container\">\n\t\t\t<h2 class=\"elementor-heading-title elementor-size-default\">Consulting, coaching et jazz.<\/h2>\t\t<\/div>\n\t\t\t\t<\/div>\n\t\t\t\t<div class=\"elementor-element elementor-element-209aa6d8 elementor-align-center elementor-widget elementor-widget-button\" data-id=\"209aa6d8\" data-element_type=\"widget\" data-widget_type=\"button.default\">\n\t\t\t\t<div class=\"elementor-widget-container\">\n\t\t\t\t\t<div class=\"elementor-button-wrapper\">\n\t\t\t<a class=\"elementor-button elementor-button-link elementor-size-sm\" href=\"#Intro\">\n\t\t\t\t\t\t<span class=\"elementor-button-content-wrapper\">\n\t\t\t\t\t\t<span class=\"elementor-button-icon elementor-align-icon-right\">\n\t\t\t\t<i aria-hidden=\"true\" class=\"fas fa-chevron-down\"><\/i>\t\t\t<\/span>\n\t\t\t\t\t\t<span class=\"elementor-button-text\">D\u00c9COUVREZ MON UNIVERS<\/span>\n\t\t<\/span>\n\t\t\t\t\t<\/a>\n\t\t<\/div>\n\t\t\t\t<\/div>\n\t\t\t\t<\/div>\n\t\t\t\t\t<\/div>\n\t\t<\/div>\n\t\t\t\t\t\t\t<\/div>\n\t\t<\/section>\n\t\t\t\t<section class=\"elementor-section elementor-top-section elementor-element elementor-element-77ad229 elementor-section-boxed elementor-section-height-default elementor-section-height-default\" data-id=\"77ad229\" data-element_type=\"section\" id=\"Intro\" data-settings=\"{&quot;background_background&quot;:&quot;classic&quot;}\">\n\t\t\t\t\t\t<div class=\"elementor-container elementor-column-gap-default\">\n\t\t\t\t\t<div class=\"elementor-column elementor-col-100 elementor-top-column elementor-element elementor-element-8fa1a4b\" data-id=\"8fa1a4b\" data-element_type=\"column\">\n\t\t\t<div class=\"elementor-widget-wrap elementor-element-populated\">\n\t\t\t\t\t\t\t\t<div class=\"elementor-element elementor-element-3672296 elementor-hidden-tablet elementor-hidden-mobile elementor-widget elementor-widget-text-editor\" data-id=\"3672296\" data-element_type=\"widget\" data-widget_type=\"text-editor.default\">\n\t\t\t\t<div class=\"elementor-widget-container\">\n\t\t\t<style>\/*! elementor - v3.18.0 - 08-12-2023 *\/\n.elementor-widget-text-editor.elementor-drop-cap-view-stacked .elementor-drop-cap{background-color:#69727d;color:#fff}.elementor-widget-text-editor.elementor-drop-cap-view-framed .elementor-drop-cap{color:#69727d;border:3px solid;background-color:transparent}.elementor-widget-text-editor:not(.elementor-drop-cap-view-default) .elementor-drop-cap{margin-top:8px}.elementor-widget-text-editor:not(.elementor-drop-cap-view-default) .elementor-drop-cap-letter{width:1em;height:1em}.elementor-widget-text-editor .elementor-drop-cap{float:left;text-align:center;line-height:1;font-size:50px}.elementor-widget-text-editor .elementor-drop-cap-letter{display:inline-block}<\/style>\t\t\t\t<p>Bienvenue ! Passionn\u00e9 par la culture, en particulier la musique, ainsi que les relations humaines, je conjugue mon expertise de consultant \/ coach et de musicien de jazz. J\u2019ai acquis une exp\u00e9rience de plus de trente ans de conseil et de coaching au sein d\u2019entreprises prestigieuses (Aon Hewitt, Pirelli, Qualintra, \u2026) tout en pratiquant le jazz \u00e0 haut niveau.<\/p><p>En tant que musicien, je partage avec mon public ma passion pour le jazz \u00e0 travers mes concerts, accompagn\u00e9 de musiciens professionnels de haut niveau.\u00a0<\/p><p>En m\u2019appuyant sur mon expertise de conseil et de coaching j\u2019ai con\u00e7u &#8211; en parall\u00e8le &#8211;\u00a0 des s\u00e9minaires pour aider les managers et les dirigeants (actuels et futurs) \u00e0 renforcer leurs comp\u00e9tences critiques.<\/p><p>N&rsquo;h\u00e9sitez pas \u00e0 explorer mon site et \u00e0 me contacter.\u00a0<\/p><p><span style=\"background-color: var( --e-global-color-734ee17 );\">Nous cocr\u00e9erons votre projet ensemble.<\/span><\/p>\t\t\t\t\t\t<\/div>\n\t\t\t\t<\/div>\n\t\t\t\t\t<\/div>\n\t\t<\/div>\n\t\t\t\t\t\t\t<\/div>\n\t\t<\/section>\n\t\t\t\t<section class=\"elementor-section elementor-top-section elementor-element elementor-element-a451c34 elementor-hidden-desktop elementor-hidden-laptop elementor-section-boxed elementor-section-height-default elementor-section-height-default\" data-id=\"a451c34\" data-element_type=\"section\" data-settings=\"{&quot;background_background&quot;:&quot;classic&quot;}\">\n\t\t\t\t\t\t<div class=\"elementor-container elementor-column-gap-default\">\n\t\t\t\t\t<div class=\"elementor-column elementor-col-100 elementor-top-column elementor-element elementor-element-817b06c\" data-id=\"817b06c\" data-element_type=\"column\">\n\t\t\t<div class=\"elementor-widget-wrap elementor-element-populated\">\n\t\t\t\t\t\t\t\t<div class=\"elementor-element elementor-element-570ef53 elementor-widget elementor-widget-text-editor\" data-id=\"570ef53\" data-element_type=\"widget\" data-widget_type=\"text-editor.default\">\n\t\t\t\t<div class=\"elementor-widget-container\">\n\t\t\t\t\t\t\t<p>Bienvenue sur mon site internet ! Passionn\u00e9 par la culture, en particulier la musique, ainsi que les relations humaines, j\u2019ai la chance de partager mon m\u00e9tier entre le jazz, le conseil et le coaching en management &#8211; en gros je suis un jazzman coach \ud83d\ude42.<\/p><p>En tant que musicien, je partage avec mon public ma passion pour le jazz \u00e0 travers mes concerts, accompagn\u00e9 de musiciens professionnels de haut niveau.\u00a0<\/p><p>En m\u2019appuyant sur mon expertise de conseil et de coaching j\u2019ai con\u00e7u &#8211; en parall\u00e8le &#8211;\u00a0 des s\u00e9minaires pour aider les managers et les dirigeants (actuels et futurs) \u00e0 renforcer leurs comp\u00e9tences critiques.<\/p><p>N&rsquo;h\u00e9sitez pas \u00e0 explorer mon site et \u00e0 me contacter.<br \/>Nous cocr\u00e9erons votre projet ensemble.<\/p><p>Didier Burgaud.<\/p>\t\t\t\t\t\t<\/div>\n\t\t\t\t<\/div>\n\t\t\t\t\t<\/div>\n\t\t<\/div>\n\t\t\t\t\t\t\t<\/div>\n\t\t<\/section>\n\t\t\t\t<section class=\"elementor-section elementor-top-section elementor-element elementor-element-1b190ba elementor-section-height-min-height elementor-section-boxed elementor-section-height-default elementor-section-items-middle\" data-id=\"1b190ba\" data-element_type=\"section\" data-settings=\"{&quot;background_background&quot;:&quot;classic&quot;}\">\n\t\t\t\t\t\t<div class=\"elementor-container elementor-column-gap-no\">\n\t\t\t\t\t<div class=\"elementor-column elementor-col-100 elementor-top-column elementor-element elementor-element-64fe34d\" data-id=\"64fe34d\" data-element_type=\"column\">\n\t\t\t<div class=\"elementor-widget-wrap elementor-element-populated\">\n\t\t\t\t\t\t\t\t<div class=\"elementor-element elementor-element-09cbbee elementor-widget__width-auto elementor-fixed elementor-hidden-desktop elementor-hidden-laptop elementor-view-default elementor-widget elementor-widget-icon\" data-id=\"09cbbee\" data-element_type=\"widget\" data-settings=\"{&quot;_position&quot;:&quot;fixed&quot;,&quot;motion_fx_motion_fx_scrolling&quot;:&quot;yes&quot;,&quot;motion_fx_opacity_effect&quot;:&quot;yes&quot;,&quot;motion_fx_opacity_range&quot;:{&quot;unit&quot;:&quot;%&quot;,&quot;size&quot;:&quot;&quot;,&quot;sizes&quot;:{&quot;start&quot;:8,&quot;end&quot;:19}},&quot;motion_fx_opacity_direction&quot;:&quot;out-in&quot;,&quot;motion_fx_opacity_level&quot;:{&quot;unit&quot;:&quot;px&quot;,&quot;size&quot;:10,&quot;sizes&quot;:[]},&quot;motion_fx_devices&quot;:[&quot;desktop&quot;,&quot;laptop&quot;,&quot;tablet&quot;,&quot;mobile&quot;]}\" data-widget_type=\"icon.default\">\n\t\t\t\t<div class=\"elementor-widget-container\">\n\t\t\t\t\t<div class=\"elementor-icon-wrapper\">\n\t\t\t<a class=\"elementor-icon\" href=\"#hero-mobile\">\n\t\t\t<i aria-hidden=\"true\" class=\"fas fa-chevron-circle-up\"><\/i>\t\t\t<\/a>\n\t\t<\/div>\n\t\t\t\t<\/div>\n\t\t\t\t<\/div>\n\t\t\t\t<div class=\"elementor-element elementor-element-b762d9b elementor-widget__width-auto elementor-fixed elementor-hidden-tablet elementor-hidden-mobile elementor-view-default elementor-widget elementor-widget-icon\" data-id=\"b762d9b\" data-element_type=\"widget\" data-settings=\"{&quot;_position&quot;:&quot;fixed&quot;,&quot;motion_fx_motion_fx_scrolling&quot;:&quot;yes&quot;,&quot;motion_fx_opacity_effect&quot;:&quot;yes&quot;,&quot;motion_fx_opacity_range&quot;:{&quot;unit&quot;:&quot;%&quot;,&quot;size&quot;:&quot;&quot;,&quot;sizes&quot;:{&quot;start&quot;:21,&quot;end&quot;:40}},&quot;motion_fx_opacity_direction&quot;:&quot;out-in&quot;,&quot;motion_fx_opacity_level&quot;:{&quot;unit&quot;:&quot;px&quot;,&quot;size&quot;:10,&quot;sizes&quot;:[]},&quot;motion_fx_devices&quot;:[&quot;desktop&quot;,&quot;laptop&quot;,&quot;tablet&quot;,&quot;mobile&quot;]}\" data-widget_type=\"icon.default\">\n\t\t\t\t<div class=\"elementor-widget-container\">\n\t\t\t\t\t<div class=\"elementor-icon-wrapper\">\n\t\t\t<a class=\"elementor-icon\" href=\"#hero-home-page\">\n\t\t\t<i aria-hidden=\"true\" class=\"fas fa-chevron-circle-up\"><\/i>\t\t\t<\/a>\n\t\t<\/div>\n\t\t\t\t<\/div>\n\t\t\t\t<\/div>\n\t\t\t\t\t<\/div>\n\t\t<\/div>\n\t\t\t\t\t\t\t<\/div>\n\t\t<\/section>\n\t\t\t\t\t\t\t<\/div>\n\t\t","protected":false},"excerpt":{"rendered":"<p>DIDIER BURGAUD Consulting, coaching and jazz. D\u00c9COUVREZ MON UNIVERS DIDIER BURGAUD Consulting, coaching et jazz. D\u00c9COUVREZ MON UNIVERS Bienvenue ! Passionn\u00e9 par la culture, en particulier la musique, ainsi que les relations humaines, je conjugue mon expertise de consultant \/ coach et de musicien de jazz. J\u2019ai acquis une exp\u00e9rience de plus de trente ans [&hellip;]<\/p>\n","protected":false},"author":1,"featured_media":0,"parent":0,"menu_order":0,"comment_status":"closed","ping_status":"closed","template":"","meta":{"footnotes":""},"class_list":["post-606","page","type-page","status-publish","hentry"],"_links":{"self":[{"href":"http:\/\/www.didierburgaud.fr\/fr\/wp-json\/wp\/v2\/pages\/606","targetHints":{"allow":["GET"]}}],"collection":[{"href":"http:\/\/www.didierburgaud.fr\/fr\/wp-json\/wp\/v2\/pages"}],"about":[{"href":"http:\/\/www.didierburgaud.fr\/fr\/wp-json\/wp\/v2\/types\/page"}],"author":[{"embeddable":true,"href":"http:\/\/www.didierburgaud.fr\/fr\/wp-json\/wp\/v2\/users\/1"}],"replies":[{"embeddable":true,"href":"http:\/\/www.didierburgaud.fr\/fr\/wp-json\/wp\/v2\/comments?post=606"}],"version-history":[{"count":1135,"href":"http:\/\/www.didierburgaud.fr\/fr\/wp-json\/wp\/v2\/pages\/606\/revisions"}],"predecessor-version":[{"id":6701,"href":"http:\/\/www.didierburgaud.fr\/fr\/wp-json\/wp\/v2\/pages\/606\/revisions\/6701"}],"wp:attachment":[{"href":"http:\/\/www.didierburgaud.fr\/fr\/wp-json\/wp\/v2\/media?parent=606"}],"curies":[{"name":"wp","href":"https:\/\/api.w.org\/{rel}","templated":true}]}}