{"id":2221,"date":"2023-01-04T17:32:32","date_gmt":"2023-01-04T16:32:32","guid":{"rendered":"http:\/\/www.didierburgaud.fr\/?page_id=2221"},"modified":"2023-03-26T22:31:17","modified_gmt":"2023-03-26T20:31:17","slug":"revue-de-presse","status":"publish","type":"page","link":"https:\/\/www.didierburgaud.fr\/fr\/revue-de-presse\/","title":{"rendered":"REVUE DE PRESSE"},"content":{"rendered":"\t\t<div data-elementor-type=\"wp-page\" data-elementor-id=\"2221\" class=\"elementor elementor-2221\" data-elementor-post-type=\"page\">\n\t\t\t\t\t\t\t\t\t<section class=\"elementor-section elementor-top-section elementor-element elementor-element-982db31 elementor-section-height-min-height elementor-section-items-top hero-revue-presse elementor-section-boxed elementor-section-height-default\" data-id=\"982db31\" data-element_type=\"section\" id=\"hero-revue-presse\" data-settings=\"{&quot;background_background&quot;:&quot;classic&quot;}\">\n\t\t\t\t\t\t\t<div class=\"elementor-background-overlay\"><\/div>\n\t\t\t\t\t\t\t<div class=\"elementor-container elementor-column-gap-extended\">\n\t\t\t\t\t<div class=\"elementor-column elementor-col-100 elementor-top-column elementor-element elementor-element-f062f12\" data-id=\"f062f12\" data-element_type=\"column\">\n\t\t\t<div class=\"elementor-widget-wrap elementor-element-populated\">\n\t\t\t\t\t\t\t\t<div class=\"elementor-element elementor-element-30a670b elementor-widget elementor-widget-heading\" data-id=\"30a670b\" data-element_type=\"widget\" data-widget_type=\"heading.default\">\n\t\t\t\t<div class=\"elementor-widget-container\">\n\t\t\t<style>\/*! elementor - v3.18.0 - 08-12-2023 *\/\n.elementor-heading-title{padding:0;margin:0;line-height:1}.elementor-widget-heading .elementor-heading-title[class*=elementor-size-]>a{color:inherit;font-size:inherit;line-height:inherit}.elementor-widget-heading .elementor-heading-title.elementor-size-small{font-size:15px}.elementor-widget-heading .elementor-heading-title.elementor-size-medium{font-size:19px}.elementor-widget-heading .elementor-heading-title.elementor-size-large{font-size:29px}.elementor-widget-heading .elementor-heading-title.elementor-size-xl{font-size:39px}.elementor-widget-heading .elementor-heading-title.elementor-size-xxl{font-size:59px}<\/style><h1 class=\"elementor-heading-title elementor-size-default\">Revue de presse<\/h1>\t\t<\/div>\n\t\t\t\t<\/div>\n\t\t\t\t\t<\/div>\n\t\t<\/div>\n\t\t\t\t\t\t\t<\/div>\n\t\t<\/section>\n\t\t\t\t<section class=\"elementor-section elementor-top-section elementor-element elementor-element-6117a9a4 elementor-section-boxed elementor-section-height-default elementor-section-height-default\" data-id=\"6117a9a4\" data-element_type=\"section\" data-settings=\"{&quot;background_background&quot;:&quot;classic&quot;}\">\n\t\t\t\t\t\t<div class=\"elementor-container elementor-column-gap-default\">\n\t\t\t\t\t<div class=\"elementor-column elementor-col-100 elementor-top-column elementor-element elementor-element-98ee630\" data-id=\"98ee630\" data-element_type=\"column\">\n\t\t\t<div class=\"elementor-widget-wrap elementor-element-populated\">\n\t\t\t\t\t\t\t\t<div class=\"elementor-element elementor-element-571ef067 elementor-widget elementor-widget-heading\" data-id=\"571ef067\" data-element_type=\"widget\" data-widget_type=\"heading.default\">\n\t\t\t\t<div class=\"elementor-widget-container\">\n\t\t\t<h1 class=\"elementor-heading-title elementor-size-default\">Chet in Mind : <\/h1>\t\t<\/div>\n\t\t\t\t<\/div>\n\t\t\t\t<div class=\"elementor-element elementor-element-776b3ac8 elementor-widget elementor-widget-text-editor\" data-id=\"776b3ac8\" data-element_type=\"widget\" data-widget_type=\"text-editor.default\">\n\t\t\t\t<div class=\"elementor-widget-container\">\n\t\t\t<style>\/*! elementor - v3.18.0 - 08-12-2023 *\/\n.elementor-widget-text-editor.elementor-drop-cap-view-stacked .elementor-drop-cap{background-color:#69727d;color:#fff}.elementor-widget-text-editor.elementor-drop-cap-view-framed .elementor-drop-cap{color:#69727d;border:3px solid;background-color:transparent}.elementor-widget-text-editor:not(.elementor-drop-cap-view-default) .elementor-drop-cap{margin-top:8px}.elementor-widget-text-editor:not(.elementor-drop-cap-view-default) .elementor-drop-cap-letter{width:1em;height:1em}.elementor-widget-text-editor .elementor-drop-cap{float:left;text-align:center;line-height:1;font-size:50px}.elementor-widget-text-editor .elementor-drop-cap-letter{display:inline-block}<\/style>\t\t\t\t<p><span style=\"font-weight: 400;\">\u00ab \u2026Cool jazz \u00e9tait l\u2019\u00e9tiquette coll\u00e9e sur le front de Chet, ce disque rend hommage \u00e0 ce style et \u00e0 sa l\u00e9gende avec respect et \u00e9l\u00e9gance. Un hommage \u00ab dans l\u2019esprit \u00bb tr\u00e8s r\u00e9ussi. \u00bb<br \/><\/span><span style=\"background-color: var( --e-global-color-734ee17 );\">Philippe Desmond \u2013 Blog La Gazette Bleue -12 janvier.<\/span><\/p>\t\t\t\t\t\t<\/div>\n\t\t\t\t<\/div>\n\t\t\t\t<div class=\"elementor-element elementor-element-67fc225 elementor-widget elementor-widget-text-editor\" data-id=\"67fc225\" data-element_type=\"widget\" data-widget_type=\"text-editor.default\">\n\t\t\t\t<div class=\"elementor-widget-container\">\n\t\t\t\t\t\t\t<p><span style=\"font-weight: 400;\">\u00ab \u2026Et puis je l\u2019ai \u00e9cout\u00e9, et j\u2019esp\u00e8re faire passer dans ces quelques lignes l\u2019extr\u00eame plaisir que j\u2019en ai \u00e9prouv\u00e9. Les mots qui me viennent spontan\u00e9ment \u00e0 l\u2019esprit sont beaut\u00e9 et puret\u00e9 du son, respect des m\u00e9lodies, et surtout une forme de classicisme qui transcende les styles et les modes, le tout sous-tendu par un swing permanent\u2026 \u00bb <\/span><span style=\"font-weight: 400;\"><br \/><\/span><span style=\"background-color: var( --e-global-color-734ee17 );\">Michel Marcheteau \u2013 Jazz Dixie Swing \u2013 F\u00e9vrier 2022.<\/span><\/p>\t\t\t\t\t\t<\/div>\n\t\t\t\t<\/div>\n\t\t\t\t<div class=\"elementor-element elementor-element-56ce415 elementor-widget elementor-widget-text-editor\" data-id=\"56ce415\" data-element_type=\"widget\" data-widget_type=\"text-editor.default\">\n\t\t\t\t<div class=\"elementor-widget-container\">\n\t\t\t\t\t\t\t<p><span style=\"font-weight: 400;\">\u00ab \u2026Ce \u00ab Chet in Mind \u00bb (Camille Productions \/ Socadisc) est d\u00fb \u00e0 un quintet r\u00e9uni par Didier Burgaud (dont le son bois\u00e9 de la clarinette est in\u00e9dit dans cet univers) et par le contrebassiste Simon Teboul. Que ce soit Burgaud quand il chante ou Brice Moscardini \u00e0 la trompette, aucun n\u2019essaie de singer leur inspirateur et le r\u00e9sultat n\u2019en est que plus authentique, y compris dans les morceaux connus comme <\/span><i><span style=\"font-weight: 400;\">But Not for Me, Just Friends ou My Funny Valentine<\/span><\/i><span style=\"font-weight: 400;\">. Voil\u00e0 une relecture aussi personnelle que s\u00e9duisante\u00ab . <br \/><\/span><span style=\"background-color: var( --e-global-color-734ee17 );\">Philippe Vincent \u2013 le blog de Jazznicknames \u2013 1er f\u00e9vrier 2022.<\/span><\/p>\t\t\t\t\t\t<\/div>\n\t\t\t\t<\/div>\n\t\t\t\t<div class=\"elementor-element elementor-element-d1b7c45 elementor-widget elementor-widget-text-editor\" data-id=\"d1b7c45\" data-element_type=\"widget\" data-widget_type=\"text-editor.default\">\n\t\t\t\t<div class=\"elementor-widget-container\">\n\t\t\t\t\t\t\t<p><span style=\"font-weight: 400;\">\u00ab \u2026Auteur d\u2019arrangements tirant la musique davantage vers le jazz mainstream, Didier Burgaud propose un r\u00e9pertoire de Chet Baker revisit\u00e9 o\u00f9 la clarinette apporte une couleur particuli\u00e8re, issue d\u2019une filiation directe avec Artie Shaw et Buddy DeFranco.\u00a0 \u2026 , les interventions instrumentales font le sel de ce disque: de la solide rythmique, tenue par Simon Teboul et Yves Nahon, au duo de soufflants \u00e0 la belle expressivit\u00e9, en passant par le swing rafra\u00eechissant de Vinh L\u00ea. Loin de se limiter \u00e0 une imitation de l\u2019iconique Chet Baker, ce <\/span><i><span style=\"font-weight: 400;\">Chet in Mind<\/span><\/i><span style=\"font-weight: 400;\"> en livre une approche digne d\u2019int\u00e9r\u00eat \u00bb. \u00a0 \u00a0 \u00a0 <\/span><span style=\"font-weight: 400;\"><br \/><\/span>J\u00e9r\u00f4me Partage \u00a9 Jazz Hot 2022.<\/p>\t\t\t\t\t\t<\/div>\n\t\t\t\t<\/div>\n\t\t\t\t<div class=\"elementor-element elementor-element-3108c93 elementor-widget elementor-widget-text-editor\" data-id=\"3108c93\" data-element_type=\"widget\" data-widget_type=\"text-editor.default\">\n\t\t\t\t<div class=\"elementor-widget-container\">\n\t\t\t\t\t\t\t<p><span style=\"font-weight: 400;\">\u00ab \u2026 Ici encore, plut\u00f4t qu\u2019une simple copie, la cr\u00e9ation d\u2019un climat qui rappelle \u00e0 s\u2019y m\u00e9prendre celui de Chet Baker. M\u00eame m\u00e9lancolie, m\u00eame tendresse. Les th\u00e8mes, pour la plupart enregistr\u00e9s par celui qui r\u00e9cusent l\u2019appellation de trompettiste qui chantait comme celle de chanteur qui jouait de la trompette, refusant toute hi\u00e9rarchie entre ces deux activit\u00e9s, participent de cette re-cr\u00e9ation. <\/span><i><span style=\"font-weight: 400;\">Just Friends<\/span><\/i><span style=\"font-weight: 400;\">, <\/span><i><span style=\"font-weight: 400;\">But Not For Me, My Funny Valentine <\/span><\/i><span style=\"font-weight: 400;\">et quelques autres th\u00e8mes aussi connus et connot\u00e9s, b\u00e9n\u00e9ficiant d\u2019arrangements originaux, prennent une coloration nouvelle tout en restant fid\u00e8les \u00e0 l\u2019esprit de leur inspirateur et mod\u00e8le.<\/span><\/p><p><span style=\"font-weight: 400;\">Preuve suppl\u00e9mentaire que l\u2019admiration pour un a\u00een\u00e9, loin d\u2019\u00eatre une entrave, peut, \u00e0 l\u2019inverse, fournir un tremplin \u00e0 l\u2019inspiration cr\u00e9atrice\u2026 \u00bb\u00a0 \u00a0 \u00a0 <\/span><span style=\"font-weight: 400;\"><br \/><\/span><span style=\"background-color: var( --e-global-color-734ee17 );\">Jacques Aboucaya \u2013 22 f\u00e9vrier 2022 \u2013 Le Salon Litt\u00e9raire- l\u2019Internaute.<\/span><\/p>\t\t\t\t\t\t<\/div>\n\t\t\t\t<\/div>\n\t\t\t\t<div class=\"elementor-element elementor-element-a39edc2 elementor-widget elementor-widget-text-editor\" data-id=\"a39edc2\" data-element_type=\"widget\" data-widget_type=\"text-editor.default\">\n\t\t\t\t<div class=\"elementor-widget-container\">\n\t\t\t\t\t\t\t<p><span style=\"font-weight: 400;\">\u00ab \u2026 Un hommage sinc\u00e8re par une fort belle \u00e9quipe \u00bb.\u00a0 <\/span><span style=\"font-weight: 400;\"><br \/><\/span><span style=\"background-color: var( --e-global-color-734ee17 );\">Ismael Sim\u00e9on \u2013 Jazz Magazine\u00a0 \u2013 avril 2022.<\/span><\/p>\t\t\t\t\t\t<\/div>\n\t\t\t\t<\/div>\n\t\t\t\t<div class=\"elementor-element elementor-element-cdf7162 elementor-widget elementor-widget-text-editor\" data-id=\"cdf7162\" data-element_type=\"widget\" data-widget_type=\"text-editor.default\">\n\t\t\t\t<div class=\"elementor-widget-container\">\n\t\t\t\t\t\t\t<p><span style=\"font-weight: 400;\">\u00ab \u2026 Chet in Mind \u2013 titre de cet album \u2013 oblige aux souvenirs, des fleurs sur une route de plus en plus encombr\u00e9e de barbarie. Chet with Love pour l\u2019\u00e9ternit\u00e9. <\/span><span style=\"font-weight: 400;\"><br \/><\/span><span style=\"background-color: var( --e-global-color-734ee17 );\">Nicolas B\u00e9ni\u00e8s \u2013 Entre les lignes et les mots \u2013 3 avril 2022. <br \/>\u00c0 la radio.<\/span><\/p>\t\t\t\t\t\t<\/div>\n\t\t\t\t<\/div>\n\t\t\t\t<div class=\"elementor-element elementor-element-deb789c elementor-widget elementor-widget-text-editor\" data-id=\"deb789c\" data-element_type=\"widget\" data-widget_type=\"text-editor.default\">\n\t\t\t\t<div class=\"elementor-widget-container\">\n\t\t\t\t\t\t\t<p><span style=\"font-weight: 400;\">\u00ab Chet in Mind \u00bb s\u00e9lection\u00a0 \u00ab disque de la semaine \u00bb.<br \/><\/span><span style=\"background-color: var( --e-global-color-734ee17 );\">Du 7 f\u00e9vrier sur Couleurs Jazz<\/span><\/p>\t\t\t\t\t\t<\/div>\n\t\t\t\t<\/div>\n\t\t\t\t<div class=\"elementor-element elementor-element-b34290f elementor-widget elementor-widget-text-editor\" data-id=\"b34290f\" data-element_type=\"widget\" data-widget_type=\"text-editor.default\">\n\t\t\t\t<div class=\"elementor-widget-container\">\n\t\t\t\t\t\t\t<p><span style=\"font-weight: 400;\">\u00ab Let\u2019s Get Lost \u00bb, Extrait de l\u2019album Chet in Mind, <br \/><\/span><span style=\"background-color: var( --e-global-color-734ee17 );\">choisi par Bernard Labat dans son \u00e9mission <\/span><span style=\"background-color: var( --e-global-color-734ee17 );\">\u00ab Les Cats Se Rebiffent \u00bb <br \/>du 12 f\u00e9vrier 2022 sur Radio C\u00f4tes Sud.<\/span><\/p>\t\t\t\t\t\t<\/div>\n\t\t\t\t<\/div>\n\t\t\t\t<div class=\"elementor-element elementor-element-f5a220e elementor-widget elementor-widget-text-editor\" data-id=\"f5a220e\" data-element_type=\"widget\" data-widget_type=\"text-editor.default\">\n\t\t\t\t<div class=\"elementor-widget-container\">\n\t\t\t\t\t\t\t<p><span style=\"font-weight: 400;\">\u00ab You &amp; the Night &amp; the Music \u00bb<br \/>Chet in mind, <\/span><a href=\"https:\/\/www.facebook.com\/camilleproductions?__cft__[0]=AZX-C_mPtmqgHQUx9BtlBmrfFEfPlJZLAftx7OD627f7WExqfvt3bJGNUqytLIUDHcN35bJ7ivlXJIoyd8mdE2-NxUrUu-9xc8Y5rq8bQnmej_rvHQ2E5A6WSeEr30vlEPrA25Rstcx71CDbqGxxIN9aJG_yqOqtE5NCjzkfXJKBvA&amp;__tn__=-]K-y-R\" target=\"_blank\" rel=\"noopener\"><span style=\"font-weight: 400;\">Camille Productions <\/span><\/a><span style=\"font-weight: 400;\">ou <a href=\"https:\/\/www.camille-productions.com\/\" target=\"_blank\" rel=\"noopener\">site internet.<\/a><br \/><\/span><span style=\"background-color: var( --e-global-color-734ee17 );\">Dans l\u2019\u00e9mission Jazzpirine de Monique Feldstein sur Radio Juda\u00efque du 7 f\u00e9vrier 2022.<\/span><\/p>\t\t\t\t\t\t<\/div>\n\t\t\t\t<\/div>\n\t\t\t\t<div class=\"elementor-element elementor-element-d4b55fb elementor-widget elementor-widget-text-editor\" data-id=\"d4b55fb\" data-element_type=\"widget\" data-widget_type=\"text-editor.default\">\n\t\t\t\t<div class=\"elementor-widget-container\">\n\t\t\t\t\t\t\t<p><span style=\"font-weight: 400;\">N\u00b0 1 : Didier Burgaud &amp; Simon Teboul \u00ab Chet in mind \u00bb Camille Productions <br \/><\/span><span style=\"background-color: var( --e-global-color-734ee17 );\">sur le site La Gazette Bleue d\u2019Action Jazz.<\/span><\/p>\t\t\t\t\t\t<\/div>\n\t\t\t\t<\/div>\n\t\t\t\t<div class=\"elementor-element elementor-element-b1e82d5 elementor-widget elementor-widget-text-editor\" data-id=\"b1e82d5\" data-element_type=\"widget\" data-widget_type=\"text-editor.default\">\n\t\t\t\t<div class=\"elementor-widget-container\">\n\t\t\t\t\t\t\t<p><span style=\"font-weight: 400;\">DIDIER BURGAUD \/ SIMON TEBOUL :\u00a0 \u00bb DEAR OLD STOCKHOLM \u00ab\u00a0 ( CAMILLE PRODUCTIONS \/ SOCADISC ).\u00a0\u00a0<br \/><\/span><span style=\"background-color: var( --e-global-color-734ee17 );\">Dans l\u2019\u00e9mission My Favorite Things de Gilles Boudry sur RCV 99 FM \u00e0 Lille.<\/span><\/p>\t\t\t\t\t\t<\/div>\n\t\t\t\t<\/div>\n\t\t\t\t<div class=\"elementor-element elementor-element-261c803 elementor-widget elementor-widget-text-editor\" data-id=\"261c803\" data-element_type=\"widget\" data-widget_type=\"text-editor.default\">\n\t\t\t\t<div class=\"elementor-widget-container\">\n\t\t\t\t\t\t\t<p><span style=\"font-weight: 400;\">\u00ab Chet in Mind \u00ab dans l\u2019\u00e9mission Jazz Time de Daniel Jachet, <br><\/span><span style=\"background-color: var( --e-global-color-734ee17 );\">sur radio Albatros (le Havre \u2013 F\u00e9camp).<\/span><\/p>\t\t\t\t\t\t<\/div>\n\t\t\t\t<\/div>\n\t\t\t\t<div class=\"elementor-element elementor-element-29d2f3a0 elementor-widget elementor-widget-heading\" data-id=\"29d2f3a0\" data-element_type=\"widget\" data-widget_type=\"heading.default\">\n\t\t\t\t<div class=\"elementor-widget-container\">\n\t\t\t<h1 class=\"elementor-heading-title elementor-size-default\">Djangomania : <\/h1>\t\t<\/div>\n\t\t\t\t<\/div>\n\t\t\t\t<div class=\"elementor-element elementor-element-5656975b elementor-widget elementor-widget-text-editor\" data-id=\"5656975b\" data-element_type=\"widget\" data-widget_type=\"text-editor.default\">\n\t\t\t\t<div class=\"elementor-widget-container\">\n\t\t\t\t\t\t\t<p><span style=\"font-weight: 400;\">\u201c&#8230; la qualit\u00e9 m\u00eame des solistes, leurs improvisations circonstanci\u00e9es et imaginatives emportent l\u2019adh\u00e9sion de l\u2019auditeur le plus blas\u00e9 d\u00e8s les premiers morceaux\u2026. le jeu de clarinette de Didier Burgaud d\u00e9borde d\u2019allant et de verve&nbsp; \u2026 Laurent Bajata d\u00e9montre que sa longue carri\u00e8re n\u2019a pas entam\u00e9 son enthousiasme ni \u00e9rod\u00e9 sa mani\u00e8re incisive de phraser sans la moindre surcharge ornementale\u2026 Par des chorus d\u2019une grande fluidit\u00e9 son jeu s\u2019allie \u00e0 merveille avec les sinueuses arabesque\u201d <br><\/span><span style=\"background-color: var( --e-global-color-734ee17 );\">Jazz Dixie Swing, septembre 2008.<\/span><\/p>\t\t\t\t\t\t<\/div>\n\t\t\t\t<\/div>\n\t\t\t\t<div class=\"elementor-element elementor-element-5e7e1e8 elementor-widget elementor-widget-text-editor\" data-id=\"5e7e1e8\" data-element_type=\"widget\" data-widget_type=\"text-editor.default\">\n\t\t\t\t<div class=\"elementor-widget-container\">\n\t\t\t\t\t\t\t<p><span style=\"font-weight: 400;\">\u201cc\u2019est un tr\u00e8s beau tribute \u00e0 la musique de Django \u2026 l\u2019esprit est parfaitement respect\u00e9. Laurent Bajata associe merveilleusement le son du Django de 53 avec la clarinette de Didier Burgaud qui nous redonne le son d\u2019Hubert Rostaing, et ce cocktail est \u00e0 savourer avec d\u00e9lectation.\u201c <br \/><\/span><span style=\"background-color: var( --e-global-color-734ee17 );\">Daniel Aubry, La guitare.com, D\u00e9cembre 2010.<\/span><\/p>\t\t\t\t\t\t<\/div>\n\t\t\t\t<\/div>\n\t\t\t\t<div class=\"elementor-element elementor-element-63193bf elementor-widget elementor-widget-text-editor\" data-id=\"63193bf\" data-element_type=\"widget\" data-widget_type=\"text-editor.default\">\n\t\t\t\t<div class=\"elementor-widget-container\">\n\t\t\t\t\t\t\t<p><span style=\"font-weight: 400;\">\u201cAu c\u00f4t\u00e9 de Laurent \u00e0 la guitare, on pourra entendre un second leader de grande classe : le clarinettiste (\u00e9galement saxophoniste) Didier Burgaud\u2026 Les solistes sont tous deux magnifiques d\u2019\u00e9l\u00e9gance, de swing et d\u2019esprit\u2026\u00a0 Djangomania est un quartet solide et raffin\u00e9 qu\u2019on ne manquera pas en concert.\u201d <br \/><\/span><span style=\"background-color: var( --e-global-color-734ee17 );\">Django station octobre 2010<\/span><span style=\"background-color: var( --e-global-color-734ee17 );\">.<\/span><\/p>\t\t\t\t\t\t<\/div>\n\t\t\t\t<\/div>\n\t\t\t\t<div class=\"elementor-element elementor-element-4b6d796c elementor-widget elementor-widget-heading\" data-id=\"4b6d796c\" data-element_type=\"widget\" data-widget_type=\"heading.default\">\n\t\t\t\t<div class=\"elementor-widget-container\">\n\t\t\t<h1 class=\"elementor-heading-title elementor-size-default\">Didier Burgaud Swing Orchestra : <\/h1>\t\t<\/div>\n\t\t\t\t<\/div>\n\t\t\t\t<div class=\"elementor-element elementor-element-5e19db60 elementor-widget elementor-widget-text-editor\" data-id=\"5e19db60\" data-element_type=\"widget\" data-widget_type=\"text-editor.default\">\n\t\t\t\t<div class=\"elementor-widget-container\">\n\t\t\t\t\t\t\t<p><span style=\"font-weight: 400;\">\u201c Burgaud has a bright full tone&#8230; his tenor is in the Ben Webster breathy ballad mode,&#8230; the croods pleasantly enough&#8230; \u201d<br \/><\/span><span style=\"background-color: var( --e-global-color-734ee17 );\">Jazz Journal.<\/span><\/p>\t\t\t\t\t\t<\/div>\n\t\t\t\t<\/div>\n\t\t\t\t<div class=\"elementor-element elementor-element-99bf7e0 elementor-widget elementor-widget-text-editor\" data-id=\"99bf7e0\" data-element_type=\"widget\" data-widget_type=\"text-editor.default\">\n\t\t\t\t<div class=\"elementor-widget-container\">\n\t\t\t\t\t\t\t<p><span style=\"font-weight: 400;\">\u201c El\u00e9gant, *** \u201d<br \/><\/span><span style=\"background-color: var( --e-global-color-734ee17 );\">Jazzman.<\/span><\/p>\t\t\t\t\t\t<\/div>\n\t\t\t\t<\/div>\n\t\t\t\t<div class=\"elementor-element elementor-element-086af01 elementor-widget elementor-widget-text-editor\" data-id=\"086af01\" data-element_type=\"widget\" data-widget_type=\"text-editor.default\">\n\t\t\t\t<div class=\"elementor-widget-container\">\n\t\t\t\t\t\t\t<p><span style=\"font-weight: 400;\">\u201c Si vous \u00eates sensible aux belles m\u00e9lodies jou\u00e9es avec swing et sensibilit\u00e9&#8230; <br \/>Le quartet de Didier Burgaud a cela en magasin\u201d<br \/><\/span><span style=\"background-color: var( --e-global-color-734ee17 );\">Jazz Dixie Swing.<\/span><\/p>\t\t\t\t\t\t<\/div>\n\t\t\t\t<\/div>\n\t\t\t\t<div class=\"elementor-element elementor-element-46e5b52 elementor-widget elementor-widget-text-editor\" data-id=\"46e5b52\" data-element_type=\"widget\" data-widget_type=\"text-editor.default\">\n\t\t\t\t<div class=\"elementor-widget-container\">\n\t\t\t\t\t\t\t<p><span style=\"font-weight: 400;\">\u201c J\u2019adore la fluide clarinette, les beaux sons graves et chauds du saxophone t\u00e9nor\u2026 <br \/>de tr\u00e8s bons musiciens\u201d<br \/><\/span><span style=\"background-color: var( --e-global-color-734ee17 );\">Claude Tissendier.<\/span><\/p>\t\t\t\t\t\t<\/div>\n\t\t\t\t<\/div>\n\t\t\t\t<div class=\"elementor-element elementor-element-256d3f0 elementor-widget elementor-widget-text-editor\" data-id=\"256d3f0\" data-element_type=\"widget\" data-widget_type=\"text-editor.default\">\n\t\t\t\t<div class=\"elementor-widget-container\">\n\t\t\t\t\t\t\t<p><span style=\"font-weight: 400;\">\u201c Les th\u00e8mes sont chouettes et pas trop rabach\u00e9s&#8230; tr\u00e8s beau son de clarinette <br \/>et presque volupt\u00e9 au t\u00e9nor \u2026 Bravo ! \u201d<br \/><\/span>Marc Laferri\u00e8re.<\/p>\t\t\t\t\t\t<\/div>\n\t\t\t\t<\/div>\n\t\t\t\t\t<\/div>\n\t\t<\/div>\n\t\t\t\t\t\t\t<\/div>\n\t\t<\/section>\n\t\t\t\t<section class=\"elementor-section elementor-top-section elementor-element elementor-element-a140743 elementor-section-height-min-height elementor-section-boxed elementor-section-height-default elementor-section-items-middle\" data-id=\"a140743\" data-element_type=\"section\" data-settings=\"{&quot;background_background&quot;:&quot;classic&quot;}\">\n\t\t\t\t\t\t<div class=\"elementor-container elementor-column-gap-no\">\n\t\t\t\t\t<div class=\"elementor-column elementor-col-100 elementor-top-column elementor-element elementor-element-66188f2\" data-id=\"66188f2\" data-element_type=\"column\">\n\t\t\t<div class=\"elementor-widget-wrap elementor-element-populated\">\n\t\t\t\t\t\t\t\t<div class=\"elementor-element elementor-element-f8b23e7 elementor-widget__width-auto elementor-fixed elementor-hidden-desktop elementor-hidden-laptop elementor-view-default elementor-widget elementor-widget-icon\" data-id=\"f8b23e7\" data-element_type=\"widget\" data-settings=\"{&quot;_position&quot;:&quot;fixed&quot;,&quot;motion_fx_motion_fx_scrolling&quot;:&quot;yes&quot;,&quot;motion_fx_opacity_effect&quot;:&quot;yes&quot;,&quot;motion_fx_opacity_range&quot;:{&quot;unit&quot;:&quot;%&quot;,&quot;size&quot;:&quot;&quot;,&quot;sizes&quot;:{&quot;start&quot;:4,&quot;end&quot;:15}},&quot;motion_fx_opacity_direction&quot;:&quot;out-in&quot;,&quot;motion_fx_opacity_level&quot;:{&quot;unit&quot;:&quot;px&quot;,&quot;size&quot;:10,&quot;sizes&quot;:[]},&quot;motion_fx_devices&quot;:[&quot;desktop&quot;,&quot;laptop&quot;,&quot;tablet&quot;,&quot;mobile&quot;]}\" data-widget_type=\"icon.default\">\n\t\t\t\t<div class=\"elementor-widget-container\">\n\t\t\t\t\t<div class=\"elementor-icon-wrapper\">\n\t\t\t<a class=\"elementor-icon\" href=\"#hero-revue-presse\">\n\t\t\t<i aria-hidden=\"true\" class=\"fas fa-chevron-circle-up\"><\/i>\t\t\t<\/a>\n\t\t<\/div>\n\t\t\t\t<\/div>\n\t\t\t\t<\/div>\n\t\t\t\t<div class=\"elementor-element elementor-element-db2d488 elementor-widget__width-auto elementor-fixed elementor-hidden-tablet elementor-hidden-mobile elementor-view-default elementor-widget elementor-widget-icon\" data-id=\"db2d488\" data-element_type=\"widget\" data-settings=\"{&quot;_position&quot;:&quot;fixed&quot;,&quot;motion_fx_motion_fx_scrolling&quot;:&quot;yes&quot;,&quot;motion_fx_opacity_effect&quot;:&quot;yes&quot;,&quot;motion_fx_opacity_range&quot;:{&quot;unit&quot;:&quot;%&quot;,&quot;size&quot;:&quot;&quot;,&quot;sizes&quot;:{&quot;start&quot;:1,&quot;end&quot;:11}},&quot;motion_fx_opacity_direction&quot;:&quot;out-in&quot;,&quot;motion_fx_opacity_level&quot;:{&quot;unit&quot;:&quot;px&quot;,&quot;size&quot;:10,&quot;sizes&quot;:[]},&quot;motion_fx_devices&quot;:[&quot;desktop&quot;,&quot;laptop&quot;,&quot;tablet&quot;,&quot;mobile&quot;]}\" data-widget_type=\"icon.default\">\n\t\t\t\t<div class=\"elementor-widget-container\">\n\t\t\t\t\t<div class=\"elementor-icon-wrapper\">\n\t\t\t<a class=\"elementor-icon\" href=\"#hero-revue-presse\">\n\t\t\t<i aria-hidden=\"true\" class=\"fas fa-chevron-circle-up\"><\/i>\t\t\t<\/a>\n\t\t<\/div>\n\t\t\t\t<\/div>\n\t\t\t\t<\/div>\n\t\t\t\t\t<\/div>\n\t\t<\/div>\n\t\t\t\t\t\t\t<\/div>\n\t\t<\/section>\n\t\t\t\t\t\t\t<\/div>\n\t\t","protected":false},"excerpt":{"rendered":"<p>Revue de presse Chet in Mind : \u00ab \u2026Cool jazz \u00e9tait l\u2019\u00e9tiquette coll\u00e9e sur le front de Chet, ce disque rend hommage \u00e0 ce style et \u00e0 sa l\u00e9gende avec respect et \u00e9l\u00e9gance. Un hommage \u00ab dans l\u2019esprit \u00bb tr\u00e8s r\u00e9ussi. \u00bbPhilippe Desmond \u2013 Blog La Gazette Bleue -12 janvier. \u00ab \u2026Et puis je l\u2019ai [&hellip;]<\/p>\n","protected":false},"author":1,"featured_media":0,"parent":0,"menu_order":0,"comment_status":"closed","ping_status":"closed","template":"","meta":{"footnotes":""},"class_list":["post-2221","page","type-page","status-publish","hentry"],"_links":{"self":[{"href":"https:\/\/www.didierburgaud.fr\/fr\/wp-json\/wp\/v2\/pages\/2221","targetHints":{"allow":["GET"]}}],"collection":[{"href":"https:\/\/www.didierburgaud.fr\/fr\/wp-json\/wp\/v2\/pages"}],"about":[{"href":"https:\/\/www.didierburgaud.fr\/fr\/wp-json\/wp\/v2\/types\/page"}],"author":[{"embeddable":true,"href":"https:\/\/www.didierburgaud.fr\/fr\/wp-json\/wp\/v2\/users\/1"}],"replies":[{"embeddable":true,"href":"https:\/\/www.didierburgaud.fr\/fr\/wp-json\/wp\/v2\/comments?post=2221"}],"version-history":[{"count":199,"href":"https:\/\/www.didierburgaud.fr\/fr\/wp-json\/wp\/v2\/pages\/2221\/revisions"}],"predecessor-version":[{"id":6651,"href":"https:\/\/www.didierburgaud.fr\/fr\/wp-json\/wp\/v2\/pages\/2221\/revisions\/6651"}],"wp:attachment":[{"href":"https:\/\/www.didierburgaud.fr\/fr\/wp-json\/wp\/v2\/media?parent=2221"}],"curies":[{"name":"wp","href":"https:\/\/api.w.org\/{rel}","templated":true}]}}