{"id":506,"date":"2022-12-26T16:22:59","date_gmt":"2022-12-26T15:22:59","guid":{"rendered":"http:\/\/www.didierburgaud.fr\/?page_id=506"},"modified":"2023-10-04T15:05:41","modified_gmt":"2023-10-04T13:05:41","slug":"concerts","status":"publish","type":"page","link":"https:\/\/www.didierburgaud.fr\/fr\/concerts\/","title":{"rendered":"CONCERTS"},"content":{"rendered":"\t\t<div data-elementor-type=\"wp-page\" data-elementor-id=\"506\" class=\"elementor elementor-506\" data-elementor-post-type=\"page\">\n\t\t\t\t\t\t\t\t\t<section class=\"elementor-section elementor-top-section elementor-element elementor-element-2f90c90a elementor-section-height-min-height elementor-section-boxed elementor-section-height-default elementor-section-items-middle\" data-id=\"2f90c90a\" data-element_type=\"section\" id=\"hero-concerts-mobile\" data-settings=\"{&quot;background_background&quot;:&quot;classic&quot;}\">\n\t\t\t\t\t\t\t<div class=\"elementor-background-overlay\"><\/div>\n\t\t\t\t\t\t\t<div class=\"elementor-container elementor-column-gap-default\">\n\t\t\t\t\t<div class=\"elementor-column elementor-col-100 elementor-top-column elementor-element elementor-element-4b20ceee\" data-id=\"4b20ceee\" data-element_type=\"column\">\n\t\t\t<div class=\"elementor-widget-wrap elementor-element-populated\">\n\t\t\t\t\t\t\t\t<div class=\"elementor-element elementor-element-3d2a4fcc elementor-widget elementor-widget-heading\" data-id=\"3d2a4fcc\" data-element_type=\"widget\" data-widget_type=\"heading.default\">\n\t\t\t\t<div class=\"elementor-widget-container\">\n\t\t\t<style>\/*! elementor - v3.18.0 - 08-12-2023 *\/\n.elementor-heading-title{padding:0;margin:0;line-height:1}.elementor-widget-heading .elementor-heading-title[class*=elementor-size-]>a{color:inherit;font-size:inherit;line-height:inherit}.elementor-widget-heading .elementor-heading-title.elementor-size-small{font-size:15px}.elementor-widget-heading .elementor-heading-title.elementor-size-medium{font-size:19px}.elementor-widget-heading .elementor-heading-title.elementor-size-large{font-size:29px}.elementor-widget-heading .elementor-heading-title.elementor-size-xl{font-size:39px}.elementor-widget-heading .elementor-heading-title.elementor-size-xxl{font-size:59px}<\/style><h1 class=\"elementor-heading-title elementor-size-default\">Concerts<\/h1>\t\t<\/div>\n\t\t\t\t<\/div>\n\t\t\t\t\t<\/div>\n\t\t<\/div>\n\t\t\t\t\t\t\t<\/div>\n\t\t<\/section>\n\t\t\t\t<section class=\"elementor-section elementor-top-section elementor-element elementor-element-3183205f elementor-section-boxed elementor-section-height-default elementor-section-height-default\" data-id=\"3183205f\" data-element_type=\"section\" data-settings=\"{&quot;background_background&quot;:&quot;classic&quot;}\">\n\t\t\t\t\t\t<div class=\"elementor-container elementor-column-gap-default\">\n\t\t\t\t\t<div class=\"elementor-column elementor-col-100 elementor-top-column elementor-element elementor-element-1c73e01a\" data-id=\"1c73e01a\" data-element_type=\"column\">\n\t\t\t<div class=\"elementor-widget-wrap elementor-element-populated\">\n\t\t\t\t\t\t\t\t<div class=\"elementor-element elementor-element-7852b17 elementor-widget elementor-widget-heading\" data-id=\"7852b17\" data-element_type=\"widget\" data-widget_type=\"heading.default\">\n\t\t\t\t<div class=\"elementor-widget-container\">\n\t\t\t<h1 class=\"elementor-heading-title elementor-size-default\">\u00c0 venir : <\/h1>\t\t<\/div>\n\t\t\t\t<\/div>\n\t\t\t\t<div class=\"elementor-element elementor-element-7c46a8e elementor-hidden-tablet elementor-hidden-mobile elementor-widget elementor-widget-image\" data-id=\"7c46a8e\" data-element_type=\"widget\" data-widget_type=\"image.default\">\n\t\t\t\t<div class=\"elementor-widget-container\">\n\t\t\t<style>\/*! elementor - v3.18.0 - 08-12-2023 *\/\n.elementor-widget-image{text-align:center}.elementor-widget-image a{display:inline-block}.elementor-widget-image a img[src$=\".svg\"]{width:48px}.elementor-widget-image img{vertical-align:middle;display:inline-block}<\/style>\t\t\t\t\t\t\t\t\t\t\t\t<img fetchpriority=\"high\" decoding=\"async\" width=\"1920\" height=\"1080\" src=\"https:\/\/www.didierburgaud.fr\/wp-content\/uploads\/2022\/12\/didier-chet-in-mind-au-sunset-fevrier-2022.jpg\" class=\"attachment-full size-full wp-image-936\" alt=\"\" srcset=\"https:\/\/www.didierburgaud.fr\/wp-content\/uploads\/2022\/12\/didier-chet-in-mind-au-sunset-fevrier-2022.jpg 1920w, https:\/\/www.didierburgaud.fr\/wp-content\/uploads\/2022\/12\/didier-chet-in-mind-au-sunset-fevrier-2022-300x169.jpg 300w, https:\/\/www.didierburgaud.fr\/wp-content\/uploads\/2022\/12\/didier-chet-in-mind-au-sunset-fevrier-2022-1024x576.jpg 1024w, https:\/\/www.didierburgaud.fr\/wp-content\/uploads\/2022\/12\/didier-chet-in-mind-au-sunset-fevrier-2022-768x432.jpg 768w, https:\/\/www.didierburgaud.fr\/wp-content\/uploads\/2022\/12\/didier-chet-in-mind-au-sunset-fevrier-2022-1536x864.jpg 1536w\" sizes=\"(max-width: 1920px) 100vw, 1920px\" \/>\t\t\t\t\t\t\t\t\t\t\t\t\t\t\t<\/div>\n\t\t\t\t<\/div>\n\t\t\t\t<div class=\"elementor-element elementor-element-3be5781 elementor-hidden-desktop elementor-hidden-laptop elementor-widget elementor-widget-image\" data-id=\"3be5781\" data-element_type=\"widget\" data-widget_type=\"image.default\">\n\t\t\t\t<div class=\"elementor-widget-container\">\n\t\t\t\t\t\t\t\t\t\t\t\t\t\t\t<img decoding=\"async\" width=\"530\" height=\"716\" src=\"https:\/\/www.didierburgaud.fr\/wp-content\/uploads\/2022\/12\/didier-burgaud-les-orchestres-vertical-01.jpg\" class=\"attachment-full size-full wp-image-1170\" alt=\"\" srcset=\"https:\/\/www.didierburgaud.fr\/wp-content\/uploads\/2022\/12\/didier-burgaud-les-orchestres-vertical-01.jpg 530w, https:\/\/www.didierburgaud.fr\/wp-content\/uploads\/2022\/12\/didier-burgaud-les-orchestres-vertical-01-222x300.jpg 222w\" sizes=\"(max-width: 530px) 100vw, 530px\" \/>\t\t\t\t\t\t\t\t\t\t\t\t\t\t\t<\/div>\n\t\t\t\t<\/div>\n\t\t\t\t<div class=\"elementor-element elementor-element-d83f08a elementor-widget elementor-widget-text-editor\" data-id=\"d83f08a\" data-element_type=\"widget\" data-widget_type=\"text-editor.default\">\n\t\t\t\t<div class=\"elementor-widget-container\">\n\t\t\t<style>\/*! elementor - v3.18.0 - 08-12-2023 *\/\n.elementor-widget-text-editor.elementor-drop-cap-view-stacked .elementor-drop-cap{background-color:#69727d;color:#fff}.elementor-widget-text-editor.elementor-drop-cap-view-framed .elementor-drop-cap{color:#69727d;border:3px solid;background-color:transparent}.elementor-widget-text-editor:not(.elementor-drop-cap-view-default) .elementor-drop-cap{margin-top:8px}.elementor-widget-text-editor:not(.elementor-drop-cap-view-default) .elementor-drop-cap-letter{width:1em;height:1em}.elementor-widget-text-editor .elementor-drop-cap{float:left;text-align:center;line-height:1;font-size:50px}.elementor-widget-text-editor .elementor-drop-cap-letter{display:inline-block}<\/style>\t\t\t\t<p>Je serai avec Chet in Mind les :<br \/>&#8211; Jeudi 19 octobre 2023 \u00e0 21h dans le cadre de Jazzenville, <br \/>\u00e0 la MPT (Maison Pour Tous) G\u00e9rard Philippe, 118 Avenue Youri Gagarine, 94800 Villejuif.<br \/>R\u00e9servations places et repas au 01 46 86 08 05 (De 9h00 \u00e0 12h00 et de 14h00 \u00e0 18h00).<br \/>Tarif : 19 \u20ac Repas \u00e0 16\u20ac \u00e0 partir de 19h.<\/p><p>&#8211; Vendredi 20 octobre 2023 \u00e0 21h, dans le cadre de Jazz&rsquo;Ivry, Salle Saint Just, <br \/>30 Rue Saint Just, 94200 Ivry sur Seine <br \/>R\u00e9servation rapide sur : <a href=\"https:\/\/web.digitick.com\/ext\/billetterie5\/?site=jazzivry\" target=\"_blank\" rel=\"noopener\">https:\/\/web.digitick.com\/ext\/billetterie5\/?site=jazzivry<\/a>, <br \/>Tarif de 14 \u00e0 18\u20ac.<\/p><p>&#8211; Dimanche 22 octobre \u00e0 18h, P\u00e9niche Le Marcounet :<br \/>Port des C\u00e9lestins, Quai de l&rsquo;H\u00f4tel de ville, 75004 Paris, r\u00e9servation sur : <br \/><a href=\"https:\/\/www.peniche-marcounet.fr\/event\/chet-in-mind\/?event_date=2023-10-22\" target=\"_blank\" rel=\"noopener\">https:\/\/www.peniche-marcounet.fr\/event\/chet-in-mind\/?event_date=2023-10-22<\/a> <br \/>Tarif : 20\u20ac<\/p>\t\t\t\t\t\t<\/div>\n\t\t\t\t<\/div>\n\t\t\t\t\t<\/div>\n\t\t<\/div>\n\t\t\t\t\t\t\t<\/div>\n\t\t<\/section>\n\t\t\t\t<section class=\"elementor-section elementor-top-section elementor-element elementor-element-be8877a elementor-section-boxed elementor-section-height-default elementor-section-height-default\" data-id=\"be8877a\" data-element_type=\"section\" data-settings=\"{&quot;background_background&quot;:&quot;classic&quot;}\">\n\t\t\t\t\t\t<div class=\"elementor-container elementor-column-gap-default\">\n\t\t\t\t\t<div class=\"elementor-column elementor-col-100 elementor-top-column elementor-element elementor-element-dfcfe2f\" data-id=\"dfcfe2f\" data-element_type=\"column\">\n\t\t\t<div class=\"elementor-widget-wrap elementor-element-populated\">\n\t\t\t\t\t\t\t\t<div class=\"elementor-element elementor-element-bb7ffdb elementor-widget elementor-widget-heading\" data-id=\"bb7ffdb\" data-element_type=\"widget\" data-widget_type=\"heading.default\">\n\t\t\t\t<div class=\"elementor-widget-container\">\n\t\t\t<h1 class=\"elementor-heading-title elementor-size-default\">Pass\u00e9<\/h1>\t\t<\/div>\n\t\t\t\t<\/div>\n\t\t\t\t<div class=\"elementor-element elementor-element-425099d elementor-hidden-desktop elementor-hidden-laptop elementor-widget elementor-widget-image\" data-id=\"425099d\" data-element_type=\"widget\" data-widget_type=\"image.default\">\n\t\t\t\t<div class=\"elementor-widget-container\">\n\t\t\t\t\t\t\t\t\t\t\t\t\t\t\t<img decoding=\"async\" width=\"530\" height=\"716\" src=\"https:\/\/www.didierburgaud.fr\/wp-content\/uploads\/2022\/12\/didier-burgaud-les-orchestres-vertical-01.jpg\" class=\"attachment-full size-full wp-image-1170\" alt=\"\" srcset=\"https:\/\/www.didierburgaud.fr\/wp-content\/uploads\/2022\/12\/didier-burgaud-les-orchestres-vertical-01.jpg 530w, https:\/\/www.didierburgaud.fr\/wp-content\/uploads\/2022\/12\/didier-burgaud-les-orchestres-vertical-01-222x300.jpg 222w\" sizes=\"(max-width: 530px) 100vw, 530px\" \/>\t\t\t\t\t\t\t\t\t\t\t\t\t\t\t<\/div>\n\t\t\t\t<\/div>\n\t\t\t\t\t<\/div>\n\t\t<\/div>\n\t\t\t\t\t\t\t<\/div>\n\t\t<\/section>\n\t\t\t\t<section class=\"elementor-section elementor-top-section elementor-element elementor-element-9946665 elementor-hidden-tablet elementor-hidden-mobile elementor-section-boxed elementor-section-height-default elementor-section-height-default\" data-id=\"9946665\" data-element_type=\"section\" data-settings=\"{&quot;background_background&quot;:&quot;classic&quot;}\">\n\t\t\t\t\t\t<div class=\"elementor-container elementor-column-gap-default\">\n\t\t\t\t\t<div class=\"elementor-column elementor-col-100 elementor-top-column elementor-element elementor-element-439f1e02\" data-id=\"439f1e02\" data-element_type=\"column\">\n\t\t\t<div class=\"elementor-widget-wrap elementor-element-populated\">\n\t\t\t\t\t\t\t\t<div class=\"elementor-element elementor-element-3da836fe elementor-widget elementor-widget-text-editor\" data-id=\"3da836fe\" data-element_type=\"widget\" data-widget_type=\"text-editor.default\">\n\t\t\t\t<div class=\"elementor-widget-container\">\n\t\t\t\t\t\t\t<p><span style=\"font-weight: 400;\">Mercredi 4 Janvier 2023, avec Djangomania<br \/>au <span style=\"color: #993300;\"><a style=\"color: #993300;\" href=\"https:\/\/www.lepetitjournalsaintmichel.com\/\" target=\"_blank\" rel=\"noopener\"><strong><span style=\"color: #ff0000;\">Petit Journal Saint Michel<\/span><\/strong><\/a><\/span><br \/>Adresse : 71 boulevard Saint Michel, 75005 Paris,<br \/>Horaires : \u00e0 partir de 21h.<br \/>Informations et reservation : 01 43 26 28 59.<br \/>Transports publics : RER Luxembourg<\/span><\/p>\t\t\t\t\t\t<\/div>\n\t\t\t\t<\/div>\n\t\t\t\t<div class=\"elementor-element elementor-element-c1efd21 elementor-widget elementor-widget-google_maps\" data-id=\"c1efd21\" data-element_type=\"widget\" data-widget_type=\"google_maps.default\">\n\t\t\t\t<div class=\"elementor-widget-container\">\n\t\t\t<style>\/*! elementor - v3.18.0 - 08-12-2023 *\/\n.elementor-widget-google_maps .elementor-widget-container{overflow:hidden}.elementor-widget-google_maps .elementor-custom-embed{line-height:0}.elementor-widget-google_maps iframe{height:300px}<\/style>\t\t<div class=\"elementor-custom-embed\">\n\t\t\t<iframe loading=\"lazy\"\n\t\t\t\t\tsrc=\"https:\/\/maps.google.com\/maps?q=71%20boulevard%20Saint%20Michel%2C%2075005%20Paris%20France&#038;t=m&#038;z=15&#038;output=embed&#038;iwloc=near\"\n\t\t\t\t\ttitle=\"71 boulevard Saint Michel, 75005 Paris France\"\n\t\t\t\t\taria-label=\"71 boulevard Saint Michel, 75005 Paris France\"\n\t\t\t><\/iframe>\n\t\t<\/div>\n\t\t\t\t<\/div>\n\t\t\t\t<\/div>\n\t\t\t\t\t<\/div>\n\t\t<\/div>\n\t\t\t\t\t\t\t<\/div>\n\t\t<\/section>\n\t\t\t\t<section class=\"elementor-section elementor-top-section elementor-element elementor-element-40cedbb elementor-hidden-desktop elementor-hidden-laptop elementor-section-boxed elementor-section-height-default elementor-section-height-default\" data-id=\"40cedbb\" data-element_type=\"section\" data-settings=\"{&quot;background_background&quot;:&quot;classic&quot;}\">\n\t\t\t\t\t\t<div class=\"elementor-container elementor-column-gap-default\">\n\t\t\t\t\t<div class=\"elementor-column elementor-col-100 elementor-top-column elementor-element elementor-element-ef658ed\" data-id=\"ef658ed\" data-element_type=\"column\">\n\t\t\t<div class=\"elementor-widget-wrap elementor-element-populated\">\n\t\t\t\t\t\t\t\t<div class=\"elementor-element elementor-element-90af5e7 elementor-hidden-desktop elementor-hidden-laptop elementor-widget elementor-widget-text-editor\" data-id=\"90af5e7\" data-element_type=\"widget\" data-widget_type=\"text-editor.default\">\n\t\t\t\t<div class=\"elementor-widget-container\">\n\t\t\t\t\t\t\t<p><span style=\"font-weight: 400;\">Mercredi 4 Janvier 2023, avec Djangomania au <span style=\"color: #993300;\"><br \/><a style=\"color: #993300;\" href=\"https:\/\/www.lepetitjournalsaintmichel.com\/\" target=\"_blank\" rel=\"noopener\"><strong><span style=\"color: #ff0000;\">Petit Journal Saint Michel<\/span><\/strong><\/a><\/span><br \/>Adresse : 71 boulevard Saint Michel, 75005 Paris,<br \/>Horaires : \u00e0 partir de 21h.<br \/>Informations et reservation : 01 43 26 28 59.<br \/>Transports publics : RER Luxembourg<\/span><\/p>\t\t\t\t\t\t<\/div>\n\t\t\t\t<\/div>\n\t\t\t\t<div class=\"elementor-element elementor-element-924f5bd elementor-widget elementor-widget-google_maps\" data-id=\"924f5bd\" data-element_type=\"widget\" data-widget_type=\"google_maps.default\">\n\t\t\t\t<div class=\"elementor-widget-container\">\n\t\t\t\t\t<div class=\"elementor-custom-embed\">\n\t\t\t<iframe loading=\"lazy\"\n\t\t\t\t\tsrc=\"https:\/\/maps.google.com\/maps?q=71%20boulevard%20Saint%20Michel%2C%2075005%20Paris%20France&#038;t=m&#038;z=15&#038;output=embed&#038;iwloc=near\"\n\t\t\t\t\ttitle=\"71 boulevard Saint Michel, 75005 Paris France\"\n\t\t\t\t\taria-label=\"71 boulevard Saint Michel, 75005 Paris France\"\n\t\t\t><\/iframe>\n\t\t<\/div>\n\t\t\t\t<\/div>\n\t\t\t\t<\/div>\n\t\t\t\t\t<\/div>\n\t\t<\/div>\n\t\t\t\t\t\t\t<\/div>\n\t\t<\/section>\n\t\t\t\t<section class=\"elementor-section elementor-top-section elementor-element elementor-element-9ff7c13 elementor-section-height-min-height elementor-section-boxed elementor-section-height-default elementor-section-items-middle\" data-id=\"9ff7c13\" data-element_type=\"section\" data-settings=\"{&quot;background_background&quot;:&quot;classic&quot;}\">\n\t\t\t\t\t\t<div class=\"elementor-container elementor-column-gap-no\">\n\t\t\t\t\t<div class=\"elementor-column elementor-col-100 elementor-top-column elementor-element elementor-element-538912a\" data-id=\"538912a\" data-element_type=\"column\">\n\t\t\t<div class=\"elementor-widget-wrap elementor-element-populated\">\n\t\t\t\t\t\t\t\t<div class=\"elementor-element elementor-element-8c7a948 elementor-widget__width-auto elementor-fixed elementor-hidden-desktop elementor-hidden-laptop elementor-view-default elementor-widget elementor-widget-icon\" data-id=\"8c7a948\" data-element_type=\"widget\" data-settings=\"{&quot;_position&quot;:&quot;fixed&quot;,&quot;motion_fx_motion_fx_scrolling&quot;:&quot;yes&quot;,&quot;motion_fx_opacity_effect&quot;:&quot;yes&quot;,&quot;motion_fx_opacity_range&quot;:{&quot;unit&quot;:&quot;%&quot;,&quot;size&quot;:&quot;&quot;,&quot;sizes&quot;:{&quot;start&quot;:4,&quot;end&quot;:15}},&quot;motion_fx_opacity_direction&quot;:&quot;out-in&quot;,&quot;motion_fx_opacity_level&quot;:{&quot;unit&quot;:&quot;px&quot;,&quot;size&quot;:10,&quot;sizes&quot;:[]},&quot;motion_fx_devices&quot;:[&quot;desktop&quot;,&quot;laptop&quot;,&quot;tablet&quot;,&quot;mobile&quot;]}\" data-widget_type=\"icon.default\">\n\t\t\t\t<div class=\"elementor-widget-container\">\n\t\t\t\t\t<div class=\"elementor-icon-wrapper\">\n\t\t\t<a class=\"elementor-icon\" href=\"#hero-concerts-mobile\">\n\t\t\t<i aria-hidden=\"true\" class=\"fas fa-chevron-circle-up\"><\/i>\t\t\t<\/a>\n\t\t<\/div>\n\t\t\t\t<\/div>\n\t\t\t\t<\/div>\n\t\t\t\t<div class=\"elementor-element elementor-element-7d6efb4 elementor-widget__width-auto elementor-fixed elementor-hidden-tablet elementor-hidden-mobile elementor-view-default elementor-widget elementor-widget-icon\" data-id=\"7d6efb4\" data-element_type=\"widget\" data-settings=\"{&quot;_position&quot;:&quot;fixed&quot;,&quot;motion_fx_motion_fx_scrolling&quot;:&quot;yes&quot;,&quot;motion_fx_opacity_effect&quot;:&quot;yes&quot;,&quot;motion_fx_opacity_range&quot;:{&quot;unit&quot;:&quot;%&quot;,&quot;size&quot;:&quot;&quot;,&quot;sizes&quot;:{&quot;start&quot;:8,&quot;end&quot;:24}},&quot;motion_fx_opacity_direction&quot;:&quot;out-in&quot;,&quot;motion_fx_opacity_level&quot;:{&quot;unit&quot;:&quot;px&quot;,&quot;size&quot;:10,&quot;sizes&quot;:[]},&quot;motion_fx_devices&quot;:[&quot;desktop&quot;,&quot;laptop&quot;,&quot;tablet&quot;,&quot;mobile&quot;]}\" data-widget_type=\"icon.default\">\n\t\t\t\t<div class=\"elementor-widget-container\">\n\t\t\t\t\t<div class=\"elementor-icon-wrapper\">\n\t\t\t<a class=\"elementor-icon\" href=\"#hero-concerts\">\n\t\t\t<i aria-hidden=\"true\" class=\"fas fa-chevron-circle-up\"><\/i>\t\t\t<\/a>\n\t\t<\/div>\n\t\t\t\t<\/div>\n\t\t\t\t<\/div>\n\t\t\t\t\t<\/div>\n\t\t<\/div>\n\t\t\t\t\t\t\t<\/div>\n\t\t<\/section>\n\t\t\t\t\t\t\t<\/div>\n\t\t","protected":false},"excerpt":{"rendered":"<p>Concerts \u00c0 venir : Je serai avec Chet in Mind les :&#8211; Jeudi 19 octobre 2023 \u00e0 21h dans le cadre de Jazzenville, \u00e0 la MPT (Maison Pour Tous) G\u00e9rard Philippe, 118 Avenue Youri Gagarine, 94800 Villejuif.R\u00e9servations places et repas au 01 46 86 08 05 (De 9h00 \u00e0 12h00 et de 14h00 \u00e0 18h00).Tarif [&hellip;]<\/p>\n","protected":false},"author":1,"featured_media":0,"parent":0,"menu_order":0,"comment_status":"closed","ping_status":"closed","template":"","meta":{"footnotes":""},"class_list":["post-506","page","type-page","status-publish","hentry"],"_links":{"self":[{"href":"https:\/\/www.didierburgaud.fr\/fr\/wp-json\/wp\/v2\/pages\/506","targetHints":{"allow":["GET"]}}],"collection":[{"href":"https:\/\/www.didierburgaud.fr\/fr\/wp-json\/wp\/v2\/pages"}],"about":[{"href":"https:\/\/www.didierburgaud.fr\/fr\/wp-json\/wp\/v2\/types\/page"}],"author":[{"embeddable":true,"href":"https:\/\/www.didierburgaud.fr\/fr\/wp-json\/wp\/v2\/users\/1"}],"replies":[{"embeddable":true,"href":"https:\/\/www.didierburgaud.fr\/fr\/wp-json\/wp\/v2\/comments?post=506"}],"version-history":[{"count":331,"href":"https:\/\/www.didierburgaud.fr\/fr\/wp-json\/wp\/v2\/pages\/506\/revisions"}],"predecessor-version":[{"id":6892,"href":"https:\/\/www.didierburgaud.fr\/fr\/wp-json\/wp\/v2\/pages\/506\/revisions\/6892"}],"wp:attachment":[{"href":"https:\/\/www.didierburgaud.fr\/fr\/wp-json\/wp\/v2\/media?parent=506"}],"curies":[{"name":"wp","href":"https:\/\/api.w.org\/{rel}","templated":true}]}}