{"id":627,"date":"2022-12-27T16:16:15","date_gmt":"2022-12-27T15:16:15","guid":{"rendered":"http:\/\/www.didierburgaud.fr\/?page_id=627"},"modified":"2023-03-17T16:01:44","modified_gmt":"2023-03-17T15:01:44","slug":"a-propos","status":"publish","type":"page","link":"https:\/\/www.didierburgaud.fr\/fr\/a-propos\/","title":{"rendered":"\u00c0 PROPOS"},"content":{"rendered":"\t\t<div data-elementor-type=\"wp-page\" data-elementor-id=\"627\" class=\"elementor elementor-627\" data-elementor-post-type=\"page\">\n\t\t\t\t\t\t\t\t\t<section class=\"elementor-section elementor-top-section elementor-element elementor-element-2e5072e elementor-section-height-min-height elementor-section-boxed elementor-section-height-default elementor-section-items-middle\" data-id=\"2e5072e\" data-element_type=\"section\">\n\t\t\t\t\t\t<div class=\"elementor-container elementor-column-gap-default\">\n\t\t\t\t\t<div class=\"elementor-column elementor-col-100 elementor-top-column elementor-element elementor-element-ed4f122\" data-id=\"ed4f122\" data-element_type=\"column\">\n\t\t\t<div class=\"elementor-widget-wrap elementor-element-populated\">\n\t\t\t\t\t\t\t\t<div class=\"elementor-element elementor-element-43b34b0 elementor-widget elementor-widget-menu-anchor\" data-id=\"43b34b0\" data-element_type=\"widget\" data-widget_type=\"menu-anchor.default\">\n\t\t\t\t<div class=\"elementor-widget-container\">\n\t\t\t<style>\/*! elementor - v3.18.0 - 08-12-2023 *\/\nbody.elementor-page .elementor-widget-menu-anchor{margin-bottom:0}<\/style>\t\t<div id=\"top-page\" class=\"elementor-menu-anchor\"><\/div>\n\t\t\t\t<\/div>\n\t\t\t\t<\/div>\n\t\t\t\t\t<\/div>\n\t\t<\/div>\n\t\t\t\t\t\t\t<\/div>\n\t\t<\/section>\n\t\t\t\t<section class=\"elementor-section elementor-top-section elementor-element elementor-element-663e06b elementor-section-full_width elementor-section-height-min-height elementor-hidden-tablet elementor-hidden-mobile elementor-section-height-default elementor-section-items-middle\" data-id=\"663e06b\" data-element_type=\"section\" id=\"hero-apropos\" data-settings=\"{&quot;background_background&quot;:&quot;classic&quot;}\">\n\t\t\t\t\t\t<div class=\"elementor-container elementor-column-gap-default\">\n\t\t\t\t\t<div class=\"elementor-column elementor-col-50 elementor-top-column elementor-element elementor-element-4ff519b\" data-id=\"4ff519b\" data-element_type=\"column\">\n\t\t\t<div class=\"elementor-widget-wrap elementor-element-populated\">\n\t\t\t\t\t\t\t\t<div class=\"elementor-element elementor-element-1f3efde elementor-widget elementor-widget-image\" data-id=\"1f3efde\" data-element_type=\"widget\" data-widget_type=\"image.default\">\n\t\t\t\t<div class=\"elementor-widget-container\">\n\t\t\t<style>\/*! elementor - v3.18.0 - 08-12-2023 *\/\n.elementor-widget-image{text-align:center}.elementor-widget-image a{display:inline-block}.elementor-widget-image a img[src$=\".svg\"]{width:48px}.elementor-widget-image img{vertical-align:middle;display:inline-block}<\/style>\t\t\t\t\t\t\t\t\t\t\t\t<img fetchpriority=\"high\" decoding=\"async\" width=\"800\" height=\"532\" src=\"https:\/\/www.didierburgaud.fr\/wp-content\/uploads\/2023\/01\/didier-burgaud-apropos-v2-janvier-2023-lite-min-1024x681.jpg\" class=\"attachment-large size-large wp-image-5559\" alt=\"\" srcset=\"https:\/\/www.didierburgaud.fr\/wp-content\/uploads\/2023\/01\/didier-burgaud-apropos-v2-janvier-2023-lite-min-1024x681.jpg 1024w, https:\/\/www.didierburgaud.fr\/wp-content\/uploads\/2023\/01\/didier-burgaud-apropos-v2-janvier-2023-lite-min-300x200.jpg 300w, https:\/\/www.didierburgaud.fr\/wp-content\/uploads\/2023\/01\/didier-burgaud-apropos-v2-janvier-2023-lite-min-768x511.jpg 768w, https:\/\/www.didierburgaud.fr\/wp-content\/uploads\/2023\/01\/didier-burgaud-apropos-v2-janvier-2023-lite-min-1536x1022.jpg 1536w, https:\/\/www.didierburgaud.fr\/wp-content\/uploads\/2023\/01\/didier-burgaud-apropos-v2-janvier-2023-lite-min.jpg 2048w\" sizes=\"(max-width: 800px) 100vw, 800px\" \/>\t\t\t\t\t\t\t\t\t\t\t\t\t\t\t<\/div>\n\t\t\t\t<\/div>\n\t\t\t\t\t<\/div>\n\t\t<\/div>\n\t\t\t\t<div class=\"elementor-column elementor-col-50 elementor-top-column elementor-element elementor-element-689e50a\" data-id=\"689e50a\" data-element_type=\"column\">\n\t\t\t<div class=\"elementor-widget-wrap elementor-element-populated\">\n\t\t\t\t\t\t\t\t<div class=\"elementor-element elementor-element-0c5efce elementor-widget elementor-widget-image\" data-id=\"0c5efce\" data-element_type=\"widget\" data-widget_type=\"image.default\">\n\t\t\t\t<div class=\"elementor-widget-container\">\n\t\t\t\t\t\t\t\t\t\t\t\t\t\t\t<img decoding=\"async\" width=\"800\" height=\"532\" src=\"https:\/\/www.didierburgaud.fr\/wp-content\/uploads\/2023\/01\/didier-burgaud-workshop-summertime-lite-min-1024x681.jpg\" class=\"attachment-large size-large wp-image-5557\" alt=\"\" srcset=\"https:\/\/www.didierburgaud.fr\/wp-content\/uploads\/2023\/01\/didier-burgaud-workshop-summertime-lite-min-1024x681.jpg 1024w, https:\/\/www.didierburgaud.fr\/wp-content\/uploads\/2023\/01\/didier-burgaud-workshop-summertime-lite-min-300x200.jpg 300w, https:\/\/www.didierburgaud.fr\/wp-content\/uploads\/2023\/01\/didier-burgaud-workshop-summertime-lite-min-768x511.jpg 768w, https:\/\/www.didierburgaud.fr\/wp-content\/uploads\/2023\/01\/didier-burgaud-workshop-summertime-lite-min-1536x1022.jpg 1536w, https:\/\/www.didierburgaud.fr\/wp-content\/uploads\/2023\/01\/didier-burgaud-workshop-summertime-lite-min.jpg 2048w\" sizes=\"(max-width: 800px) 100vw, 800px\" \/>\t\t\t\t\t\t\t\t\t\t\t\t\t\t\t<\/div>\n\t\t\t\t<\/div>\n\t\t\t\t\t<\/div>\n\t\t<\/div>\n\t\t\t\t\t\t\t<\/div>\n\t\t<\/section>\n\t\t\t\t<section class=\"elementor-section elementor-top-section elementor-element elementor-element-83e7b48 elementor-section-full_width elementor-section-height-min-height elementor-hidden-desktop elementor-hidden-laptop elementor-section-height-default elementor-section-items-middle\" data-id=\"83e7b48\" data-element_type=\"section\" id=\"hero-apropos-mobile\" data-settings=\"{&quot;background_background&quot;:&quot;classic&quot;}\">\n\t\t\t\t\t\t<div class=\"elementor-container elementor-column-gap-default\">\n\t\t\t\t\t<div class=\"elementor-column elementor-col-100 elementor-top-column elementor-element elementor-element-e69751c\" data-id=\"e69751c\" data-element_type=\"column\">\n\t\t\t<div class=\"elementor-widget-wrap\">\n\t\t\t\t\t\t\t\t\t<\/div>\n\t\t<\/div>\n\t\t\t\t\t\t\t<\/div>\n\t\t<\/section>\n\t\t\t\t<section class=\"elementor-section elementor-top-section elementor-element elementor-element-f3af2c0 elementor-hidden-tablet elementor-hidden-mobile elementor-section-boxed elementor-section-height-default elementor-section-height-default\" data-id=\"f3af2c0\" data-element_type=\"section\" data-settings=\"{&quot;background_background&quot;:&quot;classic&quot;}\">\n\t\t\t\t\t\t<div class=\"elementor-container elementor-column-gap-default\">\n\t\t\t\t\t<div class=\"elementor-column elementor-col-100 elementor-top-column elementor-element elementor-element-eb17f4a\" data-id=\"eb17f4a\" data-element_type=\"column\">\n\t\t\t<div class=\"elementor-widget-wrap elementor-element-populated\">\n\t\t\t\t\t\t\t\t<div class=\"elementor-element elementor-element-4670493 elementor-hidden-tablet elementor-widget elementor-widget-text-editor\" data-id=\"4670493\" data-element_type=\"widget\" data-widget_type=\"text-editor.default\">\n\t\t\t\t<div class=\"elementor-widget-container\">\n\t\t\t<style>\/*! elementor - v3.18.0 - 08-12-2023 *\/\n.elementor-widget-text-editor.elementor-drop-cap-view-stacked .elementor-drop-cap{background-color:#69727d;color:#fff}.elementor-widget-text-editor.elementor-drop-cap-view-framed .elementor-drop-cap{color:#69727d;border:3px solid;background-color:transparent}.elementor-widget-text-editor:not(.elementor-drop-cap-view-default) .elementor-drop-cap{margin-top:8px}.elementor-widget-text-editor:not(.elementor-drop-cap-view-default) .elementor-drop-cap-letter{width:1em;height:1em}.elementor-widget-text-editor .elementor-drop-cap{float:left;text-align:center;line-height:1;font-size:50px}.elementor-widget-text-editor .elementor-drop-cap-letter{display:inline-block}<\/style>\t\t\t\t<p><span style=\"font-weight: 400;\">J\u2019ai la chance et le plaisir de b\u00e9n\u00e9ficier de comp\u00e9tences compl\u00e9mentaires qui m\u2019ont aid\u00e9 \u00e0 poursuivre de front une double carri\u00e8re : en entreprise et dans le conseil d\u2019un c\u00f4t\u00e9, de musicien de jazz de l\u2019autre.<\/span><\/p><p><span style=\"font-weight: 400;\">J\u2019ai altern\u00e9 des postes de direction marketing et de consultant international dans des grandes et moyennes entreprises. L\u2019exp\u00e9rience de coaching a compl\u00e9t\u00e9 mon parcours.<\/span><\/p><p><span style=\"font-weight: 400;\">Tr\u00e8s jeune, j\u2019ai \u00e9t\u00e9 form\u00e9 au Conservatoire de Meudon \u00e0 l\u2019\u00e9cole de la clarinette classique aupr\u00e8s de Gilles Honorat, ce qui m\u2019a permis d\u2019acqu\u00e9rir puret\u00e9 de son et technique. Puis j\u2019ai d\u00e9couvert le jazz. J\u2019ai commenc\u00e9 \u00e0 jouer \u00e0 17 ans avec des copains de lyc\u00e9e, pour progressivement me frotter \u00e0 des orchestres professionnels et participer aux \u00e9v\u00e8nements de la sc\u00e8ne du jazz classique. A partir des ann\u00e9es 80 et parall\u00e8lement \u00e0 mes \u00e9tudes universitaires (PhD en management \u00e0 l\u2019universit\u00e9 Paris Dauphine), j\u2019ai crois\u00e9 des musiciens d\u2019univers tr\u00e8s diff\u00e9rents tels que Marc et Stan Laferri\u00e8re, Alain Bouchet, Joe Turner, Benny Waters, Sam Woodyard, Claude Tissendier, Patrick Artero, Nicolas Montier, Laurent Mignard, Laurent Bajata &#8230;<\/span><\/p><p><span style=\"font-weight: 400;\">Mon style de clarinette s\u2019inspire de celui d\u2019Hubert Rostaing, Bob Wilber ou Buddy de Franco. Tout en continuant \u00e0 approfondir mon instrument dans le r\u00e9pertoire swing, je me suis familiaris\u00e9 avec le r\u00e9pertoire de Django Reinhardt en \u00e9coutant ses enregistrements avec le clarinettiste Hubert Rostaing. J\u2019ai \u00e9galement travaill\u00e9 le saxophone alto puis t\u00e9nor, ce qui m\u2019a permis d\u2019\u00e9largir mon r\u00e9pertoire et de savourer le plaisir du travail de pupitre dans plusieurs big bands. Je joue actuellement dans la section de saxophones du Merrie Hot Melodies. Sur cet instrument, je revendique l\u2019influence de Coleman Hawkins, Stan Getz ou Zoot Sims. Je viens de cr\u00e9er \u00ab Chet in Mind \u00bb, un formidable quintet qui s\u2019inspire du r\u00e9pertoire de Chet Baker dans lequel je joue de la clarinette et du t\u00e9nor et je chante.<\/span><\/p><p><span style=\"font-weight: 400;\">Le croisement de ces comp\u00e9tences compl\u00e9mentaires musicales et manag\u00e9riales m\u2019a conduit \u00e0 d\u00e9velopper des s\u00e9minaires et des formations autour du concept \u00ab jazz et leadership \u00bb. Au cours de ces ateliers, j\u2019aide les dirigeants et managers \u00e0 renforcer et d\u00e9velopper les comp\u00e9tences dont ils ont besoin dans l\u2019exercice de leur r\u00f4le (cr\u00e9ativit\u00e9, confiance, coop\u00e9ration, inspiration, \u2026).<\/span><\/p>\t\t\t\t\t\t<\/div>\n\t\t\t\t<\/div>\n\t\t\t\t\t<\/div>\n\t\t<\/div>\n\t\t\t\t\t\t\t<\/div>\n\t\t<\/section>\n\t\t\t\t<section class=\"elementor-section elementor-top-section elementor-element elementor-element-040c707 elementor-hidden-desktop elementor-hidden-laptop elementor-section-boxed elementor-section-height-default elementor-section-height-default\" data-id=\"040c707\" data-element_type=\"section\" data-settings=\"{&quot;background_background&quot;:&quot;classic&quot;}\">\n\t\t\t\t\t\t<div class=\"elementor-container elementor-column-gap-default\">\n\t\t\t\t\t<div class=\"elementor-column elementor-col-100 elementor-top-column elementor-element elementor-element-56e8107\" data-id=\"56e8107\" data-element_type=\"column\">\n\t\t\t<div class=\"elementor-widget-wrap elementor-element-populated\">\n\t\t\t\t\t\t\t\t<div class=\"elementor-element elementor-element-9085d18 elementor-widget elementor-widget-text-editor\" data-id=\"9085d18\" data-element_type=\"widget\" data-widget_type=\"text-editor.default\">\n\t\t\t\t<div class=\"elementor-widget-container\">\n\t\t\t\t\t\t\t<p>J\u2019ai la chance et le plaisir de b\u00e9n\u00e9ficier de comp\u00e9tences compl\u00e9mentaires qui m\u2019ont aid\u00e9 \u00e0 poursuivre de front une double carri\u00e8re : en entreprise et dans le conseil d\u2019un c\u00f4t\u00e9, de musicien de jazz de l\u2019autre.<\/p><p>J\u2019ai altern\u00e9 des postes de direction marketing et de consultant international dans des grandes et moyennes entreprises. L\u2019exp\u00e9rience de coaching a compl\u00e9t\u00e9 mon parcours.<\/p><p>Tr\u00e8s jeune, j\u2019ai \u00e9t\u00e9 form\u00e9 au Conservatoire de Meudon \u00e0 l\u2019\u00e9cole de la clarinette classique aupr\u00e8s de Gilles Honorat, ce qui m\u2019a permis d\u2019acqu\u00e9rir puret\u00e9 de son et technique. Puis j\u2019ai d\u00e9couvert le jazz. J\u2019ai commenc\u00e9 \u00e0 jouer \u00e0 17 ans avec des copains de lyc\u00e9e, pour progressivement me frotter \u00e0 des orchestres professionnels et participer aux \u00e9v\u00e8nements de la sc\u00e8ne du jazz classique. A partir des ann\u00e9es 80 et parall\u00e8lement \u00e0 mes \u00e9tudes universitaires (PhD en management) j\u2019ai crois\u00e9 des musiciens d\u2019univers tr\u00e8s diff\u00e9rents tels que Marc et Stan Laferri\u00e8re, Alain Bouchet, Joe Turner, Benny Waters, Sam Woodyard, Claude Tissendier, Patrick Artero, Nicolas Montier, Laurent Mignard,<br \/>Laurent Bajata ,&#8230;<\/p><p>Mon style de clarinette s\u2019inspire de celui d\u2019Hubert Rostaing, Bob Wilber ou Buddy de Franco. Tout en continuant \u00e0 approfondir mon instrument dans le r\u00e9pertoire swing, je me suis familiaris\u00e9 avec le r\u00e9pertoire de Django Reinhardt en \u00e9coutant ses enregistrements avec le clarinettiste Hubert Rostaing. J\u2019ai \u00e9galement travaill\u00e9 le saxophone alto puis t\u00e9nor, ce qui m\u2019a permis d\u2019\u00e9largir mon r\u00e9pertoire et de savourer le plaisir du travail de pupitre dans plusieurs big bands. Je joue actuellement dans la section de saxophones du Merrie Hot Melodies. Sur cet instrument, je revendique l\u2019influence de Coleman Hawkins, Stan Getz ou Zoot Sims. Je viens de cr\u00e9er \u00ab Chet in Mind \u00bb, un formidable quintet qui s\u2019inspire du r\u00e9pertoire de Chet Baker dans lequel je joue de la clarinette et du t\u00e9nor et je chante.<\/p><p>Le croisement de ces comp\u00e9tences compl\u00e9mentaires musicales et manag\u00e9riales m\u2019a conduit \u00e0 d\u00e9velopper des s\u00e9minaires et des formations autour du concept \u00ab jazz et leadership \u00bb. Au cours de ces ateliers, j\u2019aide les dirigeants et managers \u00e0 renforcer et d\u00e9velopper les comp\u00e9tences dont ils ont besoin dans l\u2019exercice de leur r\u00f4le (cr\u00e9ativit\u00e9, confiance, coop\u00e9ration, inspiration, \u2026).<\/p>\t\t\t\t\t\t<\/div>\n\t\t\t\t<\/div>\n\t\t\t\t\t<\/div>\n\t\t<\/div>\n\t\t\t\t\t\t\t<\/div>\n\t\t<\/section>\n\t\t\t\t<section class=\"elementor-section elementor-top-section elementor-element elementor-element-5071b82 elementor-section-height-min-height elementor-section-boxed elementor-section-height-default elementor-section-items-middle\" data-id=\"5071b82\" data-element_type=\"section\" data-settings=\"{&quot;background_background&quot;:&quot;classic&quot;}\">\n\t\t\t\t\t\t<div class=\"elementor-container elementor-column-gap-no\">\n\t\t\t\t\t<div class=\"elementor-column elementor-col-100 elementor-top-column elementor-element elementor-element-e9492bb\" data-id=\"e9492bb\" data-element_type=\"column\">\n\t\t\t<div class=\"elementor-widget-wrap elementor-element-populated\">\n\t\t\t\t\t\t\t\t<div class=\"elementor-element elementor-element-57283bd elementor-widget__width-auto elementor-fixed elementor-hidden-desktop elementor-hidden-laptop elementor-view-default elementor-widget elementor-widget-icon\" data-id=\"57283bd\" data-element_type=\"widget\" data-settings=\"{&quot;_position&quot;:&quot;fixed&quot;,&quot;motion_fx_motion_fx_scrolling&quot;:&quot;yes&quot;,&quot;motion_fx_opacity_effect&quot;:&quot;yes&quot;,&quot;motion_fx_opacity_range&quot;:{&quot;unit&quot;:&quot;%&quot;,&quot;size&quot;:&quot;&quot;,&quot;sizes&quot;:{&quot;start&quot;:25,&quot;end&quot;:38}},&quot;motion_fx_opacity_direction&quot;:&quot;out-in&quot;,&quot;motion_fx_opacity_level&quot;:{&quot;unit&quot;:&quot;px&quot;,&quot;size&quot;:10,&quot;sizes&quot;:[]},&quot;motion_fx_devices&quot;:[&quot;desktop&quot;,&quot;laptop&quot;,&quot;tablet&quot;,&quot;mobile&quot;]}\" data-widget_type=\"icon.default\">\n\t\t\t\t<div class=\"elementor-widget-container\">\n\t\t\t\t\t<div class=\"elementor-icon-wrapper\">\n\t\t\t<a class=\"elementor-icon\" href=\"#hero-apropos-mobile\">\n\t\t\t<i aria-hidden=\"true\" class=\"fas fa-chevron-circle-up\"><\/i>\t\t\t<\/a>\n\t\t<\/div>\n\t\t\t\t<\/div>\n\t\t\t\t<\/div>\n\t\t\t\t<div class=\"elementor-element elementor-element-0556037 elementor-widget__width-auto elementor-fixed elementor-hidden-tablet elementor-hidden-mobile elementor-view-default elementor-widget elementor-widget-icon\" data-id=\"0556037\" data-element_type=\"widget\" data-settings=\"{&quot;_position&quot;:&quot;fixed&quot;,&quot;motion_fx_motion_fx_scrolling&quot;:&quot;yes&quot;,&quot;motion_fx_opacity_effect&quot;:&quot;yes&quot;,&quot;motion_fx_opacity_range&quot;:{&quot;unit&quot;:&quot;%&quot;,&quot;size&quot;:&quot;&quot;,&quot;sizes&quot;:{&quot;start&quot;:26,&quot;end&quot;:44}},&quot;motion_fx_opacity_direction&quot;:&quot;out-in&quot;,&quot;motion_fx_opacity_level&quot;:{&quot;unit&quot;:&quot;px&quot;,&quot;size&quot;:10,&quot;sizes&quot;:[]},&quot;motion_fx_devices&quot;:[&quot;desktop&quot;,&quot;laptop&quot;,&quot;tablet&quot;,&quot;mobile&quot;]}\" data-widget_type=\"icon.default\">\n\t\t\t\t<div class=\"elementor-widget-container\">\n\t\t\t\t\t<div class=\"elementor-icon-wrapper\">\n\t\t\t<a class=\"elementor-icon\" href=\"#hero-apropos\">\n\t\t\t<i aria-hidden=\"true\" class=\"fas fa-chevron-circle-up\"><\/i>\t\t\t<\/a>\n\t\t<\/div>\n\t\t\t\t<\/div>\n\t\t\t\t<\/div>\n\t\t\t\t\t<\/div>\n\t\t<\/div>\n\t\t\t\t\t\t\t<\/div>\n\t\t<\/section>\n\t\t\t\t\t\t\t<\/div>\n\t\t","protected":false},"excerpt":{"rendered":"<p>J\u2019ai la chance et le plaisir de b\u00e9n\u00e9ficier de comp\u00e9tences compl\u00e9mentaires qui m\u2019ont aid\u00e9 \u00e0 poursuivre de front une double carri\u00e8re : en entreprise et dans le conseil d\u2019un c\u00f4t\u00e9, de musicien de jazz de l\u2019autre. J\u2019ai altern\u00e9 des postes de direction marketing et de consultant international dans des grandes et moyennes entreprises. L\u2019exp\u00e9rience de [&hellip;]<\/p>\n","protected":false},"author":1,"featured_media":0,"parent":0,"menu_order":0,"comment_status":"closed","ping_status":"closed","template":"","meta":{"footnotes":""},"class_list":["post-627","page","type-page","status-publish","hentry"],"_links":{"self":[{"href":"https:\/\/www.didierburgaud.fr\/fr\/wp-json\/wp\/v2\/pages\/627","targetHints":{"allow":["GET"]}}],"collection":[{"href":"https:\/\/www.didierburgaud.fr\/fr\/wp-json\/wp\/v2\/pages"}],"about":[{"href":"https:\/\/www.didierburgaud.fr\/fr\/wp-json\/wp\/v2\/types\/page"}],"author":[{"embeddable":true,"href":"https:\/\/www.didierburgaud.fr\/fr\/wp-json\/wp\/v2\/users\/1"}],"replies":[{"embeddable":true,"href":"https:\/\/www.didierburgaud.fr\/fr\/wp-json\/wp\/v2\/comments?post=627"}],"version-history":[{"count":682,"href":"https:\/\/www.didierburgaud.fr\/fr\/wp-json\/wp\/v2\/pages\/627\/revisions"}],"predecessor-version":[{"id":6402,"href":"https:\/\/www.didierburgaud.fr\/fr\/wp-json\/wp\/v2\/pages\/627\/revisions\/6402"}],"wp:attachment":[{"href":"https:\/\/www.didierburgaud.fr\/fr\/wp-json\/wp\/v2\/media?parent=627"}],"curies":[{"name":"wp","href":"https:\/\/api.w.org\/{rel}","templated":true}]}}